{"id":493,"date":"2016-07-13T14:26:04","date_gmt":"2016-07-13T13:26:04","guid":{"rendered":"http:\/\/bridge61.qodeinteractive.com\/?page_id=76"},"modified":"2023-12-13T00:30:09","modified_gmt":"2023-12-12T23:30:09","slug":"about-3","status":"publish","type":"page","link":"https:\/\/parquetnomade.com\/index.php\/about-3\/","title":{"rendered":"QUI"},"content":{"rendered":"<p>[vc_row css_animation=\u00a0\u00bb\u00a0\u00bb row_type=\u00a0\u00bbrow\u00a0\u00bb use_row_as_full_screen_section=\u00a0\u00bbno\u00a0\u00bb type=\u00a0\u00bbfull_width\u00a0\u00bb angled_section=\u00a0\u00bbno\u00a0\u00bb text_align=\u00a0\u00bbleft\u00a0\u00bb background_image_as_pattern=\u00a0\u00bbwithout_pattern\u00a0\u00bb css=\u00a0\u00bb.vc_custom_1486123859378{padding-top: 45px !important;padding-bottom: 74px !important;background-color: rgba(249,249,249,0.85) !important;*background-color: rgb(249,249,249) !important;}\u00a0\u00bb][vc_column offset=\u00a0\u00bbvc_col-lg-6 vc_col-md-6&Prime;][vc_single_image image=\u00a0\u00bb56&Prime; img_size=\u00a0\u00bbfull\u00a0\u00bb alignment=\u00a0\u00bbright\u00a0\u00bb qode_css_animation=\u00a0\u00bb\u00a0\u00bb][vc_empty_space height=\u00a0\u00bb24px\u00a0\u00bb][vc_single_image image=\u00a0\u00bb510&Prime; img_size=\u00a0\u00bbfull\u00a0\u00bb alignment=\u00a0\u00bbcenter\u00a0\u00bb qode_css_animation=\u00a0\u00bb\u00a0\u00bb][vc_empty_space height=\u00a0\u00bb60px\u00a0\u00bb][vc_single_image image=\u00a0\u00bb1067&Prime; img_size=\u00a0\u00bbfull\u00a0\u00bb alignment=\u00a0\u00bbright\u00a0\u00bb qode_css_animation=\u00a0\u00bb\u00a0\u00bb][vc_empty_space height=\u00a0\u00bb70px\u00a0\u00bb][vc_column_text]<\/p>\n<h3>Compagnie du Parquet Nomade<\/h3>\n<p>[\/vc_column_text][vc_empty_space height=\u00a0\u00bb16px\u00a0\u00bb][vc_column_text]<strong>Il fallait rassembler, regrouper, f\u00e9d\u00e9rer. Identifier la maison, trouver ses couleurs, sa banni\u00e8re.<\/strong><\/p>\n<p>Nous avions dans\u00e9 seul, \u00e0 deux, ou \u00e0 plusieurs, chant\u00e9, jou\u00e9, dedans dehors, avec le public o\u00f9 sans, sous la pluie ou le soleil ardent, dans la ville souvent, dans la nature aussi, pour le public ou pour les \u00e9toiles.<\/p>\n<p>Nous avions chant\u00e9, \u00e9crit, accompagn\u00e9, dirig\u00e9, chor\u00e9graphi\u00e9 pour le th\u00e9\u00e2tre, pour des compagnies amies, des duos souvent ou des solistes talentueux.<\/p>\n<p>Il fallait trouver un nom, savoir \u00e0 quel sein se vouer. Quelle meilleure banni\u00e8re pour nous retrouver que celle du \u00ab\u00a0Parquet Nomade\u00a0\u00bb ?<\/p>\n<p>Performance \u00e9ponyme phare, c&rsquo;est elle qui a fait sentir le besoin d&rsquo;une compagnie f\u00e9d\u00e9ratrice se structurant.<\/p>\n<p>Il fallait diffuser, communiquer, cr\u00e9er ! Sous quel nom ?<\/p>\n<p>&nbsp;<\/p>\n<p><strong>La compagnie est n\u00e9e quelques ann\u00e9es apr\u00e8s la cr\u00e9ation de la performance \u00e9ponyme, le tr\u00e8s f\u00e9d\u00e9rateur projet \u00ab\u00a0Parquet nomade\u00a0\u00bb n\u00e9 lui, en 2009<\/strong>. La question du nom s&rsquo;est pos\u00e9 puis s&rsquo;est trouv\u00e9.<strong><br \/>\n<\/strong><\/p>\n<p><strong>La Compagnie du Parquet Nomade !\u00a0<\/strong><\/p>\n<p>parceque nous voulons sortir les pratiques de danses post moderne des studios de danse, parceque nous voulons que notre maison soit partout, l\u00e0 o\u00f9 la cr\u00e9ation nait..<\/p>\n<p>Constitu\u00e9e d\u2019artistes de toutes disciplines, danse, cirque, musique, th\u00e9\u00e2tre, clown,<\/p>\n<p>La compagnie est pr\u00e9sente sur tout le territoire fran\u00e7ais ainsi qu\u2019\u00e0 l\u2019\u00e9tranger.<\/p>\n<p>&nbsp;<\/p>\n<p>Une passion pour \u2026<\/p>\n<p>la cr\u00e9ation dans l\u2019espace public, dans des lieux atypiques ou plus traditionnels .<\/p>\n<p>Des cr\u00e9ations invitant \u00e0 porter un autre regard sur le quotidien.<\/p>\n<p>l\u2019improvisation comme moteur de cr\u00e9ation,<\/p>\n<p>la rencontre avec le public, les publics,<\/p>\n<p>Une approche contemporaine des arts vivants,\u00a0nourrie de l\u2019exigence des techniques de jeu et de mouvement plus traditionnelles.<\/p>\n<p>&nbsp;<\/p>\n<p><strong>Les projets de la compagnie offrent trois axes principaux<\/strong><strong> :<\/strong><\/p>\n<p>&nbsp;<\/p>\n<ul>\n<li><strong>des cr\u00e9ations contemporaines<\/strong>:<\/li>\n<\/ul>\n<p><strong>performances \u00e9ph\u00e9m\u00e8res in situ <\/strong>(collaborations \u00ab\u00a0trans-disciplinaires\u00a0\u00bb, spectacles participatifs, cr\u00e9ations musicales dans l\u2019espace public, traces visuelles\u2026)<\/p>\n<p>&nbsp;<\/p>\n<ul>\n<li><strong>des formes plus traditionnelles\u00a0(<\/strong>en salle ou dans la rue\u00a0: spectacles, num\u00e9ros de cirque, cabarets, d\u00e9ambulations , Entresort, impromptus et bals. Animations d\u2019\u00e9v\u00e9nements.<\/li>\n<\/ul>\n<p>&nbsp;<\/p>\n<ul>\n<li><strong>de la m\u00e9diation culturelle\u00a0: <\/strong>clown musique et danse \u00e0 l\u2019hopital, Projets scolaires, associatifs et de territoire.<\/li>\n<\/ul>\n<p>[\/vc_column_text][vc_empty_space height=\u00a0\u00bb84px\u00a0\u00bb][vc_single_image image=\u00a0\u00bb148&Prime; img_size=\u00a0\u00bbfull\u00a0\u00bb alignment=\u00a0\u00bbcenter\u00a0\u00bb qode_css_animation=\u00a0\u00bb\u00a0\u00bb][vc_empty_space height=\u00a0\u00bb24px\u00a0\u00bb][vc_single_image image=\u00a0\u00bb553&Prime; img_size=\u00a0\u00bbfull\u00a0\u00bb alignment=\u00a0\u00bbcenter\u00a0\u00bb qode_css_animation=\u00a0\u00bb\u00a0\u00bb][vc_empty_space height=\u00a0\u00bb24px\u00a0\u00bb][\/vc_column][vc_column offset=\u00a0\u00bbvc_col-lg-6 vc_col-md-6&Prime;][vc_empty_space height=\u00a0\u00bb50px\u00a0\u00bb][vc_column_text]<\/p>\n<h3>Marion Michel<\/h3>\n<p>[\/vc_column_text][vc_empty_space height=\u00a0\u00bb16px\u00a0\u00bb][vc_column_text]<\/p>\n<h6>Chor\u00e9graphe, danseuse, chanteuse, clown<\/h6>\n<p>[\/vc_column_text][vc_empty_space height=\u00a0\u00bb24px\u00a0\u00bb][vc_column_text]et <strong>dipl\u00f4m\u00e9e en \u00e9tudes cin\u00e9matographique et th\u00e9\u00e2trales<\/strong> (Ma\u00eetrise Paris VIII), elle se forme en parall\u00e8le \u00e0 ses \u00e9tudes universitaires au chant lyrique ainsi qu\u2019aux techniques d&rsquo;improvisation et de mouvement somatique (Jazz Vocal, Sound Painting, Composition, Contact-Improvisation, Buto, BMC, Roy Hart Th\u00e9\u00e2tre, Life Art Process)<\/p>\n<p>Elle est fortement influenc\u00e9e et nourrie par les ann\u00e9es de recherches et de collaboration aupr\u00e8s de divers enseignants et artistes de renomm\u00e9e internationale tels que M\u00e9r\u00e9dith Monk, A. Minvielle, la Cie Lubat, M. Vargas, C. Buchwald, S. Koseki, N. Starksmith, S. Paxton, K. Simson, R. Chung, D. Lepkoff, B. Bainbridge Cohen, A. Halprin, J. Hamilton, C. Aiken, A. Hardwood, D. Silhol, H. H.Guarbia, S. Souhya, L. de Nercy, V. Manley, le Roy Hart theatre, E. Blouet, Cie Kumulus, Th\u00e9atro del Silencio, Z. Maistre&#8230;<br \/>\nCe parcours l\u2019am\u00e8ne \u00e0 travailler en tant qu\u2019<strong>interpr\u00e8te<\/strong> ou <strong>regard ext\u00e9rieur au sein de plusieurs compagnies de spectacle vivant<\/strong> (La Compagnie de la derni\u00e8re minute, Deuxi\u00e8me Groupe d\u2019Intervention, Compagnie OFF, Compagnie K, Ludor Citrik, Cie Genevi\u00e8ve Mazin, Cie Anqa, Groupe T.L.M, Ensemble Amalgammes, Le Grand Cirque Rigolo, Pascal Rousseau, Lior Shoov et Anne Kaempf, les L\u00e9zards Hurlants, Adrienne Larue\u2026).<\/p>\n<p>Elle poursuit ses recherches et cr\u00e9ations personnelles en tant que performeuse, artiste mais aussi <strong>p\u00e9dagogue aupr\u00e8s de divers publics<\/strong> (enfants, ados, adultes, public sp\u00e9cifiques) en France et \u00e0 l\u2019\u00e9tranger. Elle enseigne r\u00e9guli\u00e8rement la danse, le clown, les arts du cirque et l\u2019improvisation vocale depuis 1999.<br \/>\nForte de ces exp\u00e9riences, il lui para\u00eet \u00e9vident de <strong>cr\u00e9er un projet rassemblant ces diff\u00e9rentes pratiques<\/strong> et surtout permettant de <strong>d\u00e9velopper des formes spectaculaires interactives, participatives et interg\u00e9n\u00e9rationnelles dans l\u2019espace public. Le Parquet Nomade est n\u00e9 de cette r\u00e9flexion.<\/strong>[\/vc_column_text][vc_empty_space height=\u00a0\u00bb24px\u00a0\u00bb][vc_accordion active_tab=\u00a0\u00bbfalse\u00a0\u00bb collapsible=\u00a0\u00bbyes\u00a0\u00bb style=\u00a0\u00bbtoggle\u00a0\u00bb][vc_accordion_tab title=\u00a0\u00bbEnglish\u00a0\u00bb][vc_column_text]Choreographer, dancer, singer, clown and graduated in film and theatre studies (Master Paris VIII); in parallel she studies opera singing, improvisation techniques and somatic movement (Vocal Jazz, Sound Painting Composition Contact-Improvisation, Butoh, BMC, Roy Hart Theatre, Art Life Process).<\/p>\n<p>It is strongly influenced and nurtured by years of research and collaboration with various teachers and internationally renowned artists such as Meredith Monk, A. Minvielle, Co. Lubat, Mr. Vargas, C. Buchwald, S. Koseki, N. Starksmith, S. Paxton, K. Simson, R. Chung, D. Lepkoff, B. Bainbridge Cohen, A. Halprin, J. Hamilton, C. Aiken, A. Hardwood , D. Silhol, H. Guarbia, S. Souhya, L. Nercy, V. Manley, the Roy Hart Theatre, E. Blouet, Kumulus Co., Th\u00e9atro del Silencio, Z. Maistre&#8230;<\/p>\n<p>This path led her to work to perform and be inspired by several live performance companies (La Compagnie de la derni\u00e8re minute, Deuxi\u00e8me Groupe d\u2019Intervention, Compagnie OFF, Compagnie K, Ludor Citrik, Cie Genevi\u00e9ve Mazin, Cie Anqa, Groupe T.L.M, Ensemble Amalgammes, Le Grand Cirque Rigolo, Pascal Rousseau, Lior Shoov et Anne Kaempf, les L\u00e9zards Hurlants, Adrienne Larue&#8230;).<\/p>\n<p>She continued her research and personal creations as a performer, artist but also as educator to various audiences (children, teenagers, adults, specific public) in France and abroad. She regularly teaches dance, clown and circus arts and vocal improvisation since 1999. After these experiences, it is clear for her the desire to create a project that brings together these different practices and especially to develop interactive forms of entertainment, participatory and intergenerational shows in public spaces. Le Parquet Nomade Project was born from this reflexion. In 2013 she created the Nomad Parquet Co., to finally consolidate her various artistic productions and driving dynamics.[\/vc_column_text][\/vc_accordion_tab][\/vc_accordion][vc_empty_space height=\u00a0\u00bb60px\u00a0\u00bb][vc_column_text]<\/p>\n<h3>Christine Spraul<\/h3>\n<p>[\/vc_column_text][vc_empty_space height=\u00a0\u00bb16px\u00a0\u00bb][vc_column_text]<\/p>\n<h6>Musicienne, com\u00e9dienne, clown<\/h6>\n<p>[\/vc_column_text][vc_empty_space height=\u00a0\u00bb24px\u00a0\u00bb][vc_column_text]Apr\u00e8s une quinzaine d\u2019ann\u00e9es dans le secteur socio-culturel (\u00e0 diff\u00e9rents postes et notamment celui de responsable du secteur \u201cjeunes\u201d d\u2019un centre social, \u00e9ducateur sportif en milieu carc\u00e9ral et interlocuteur privil\u00e9gi\u00e9 des jeunes en grande difficult\u00e9), elle reprend assid\u00fbment des \u00e9tudes de musique en 1999 (IMFP &#8211; \u00e9cole de jazz de Salon de Provence), <strong>devient musicienne professionnelle et travaille avec plusieurs compagnies de th\u00e9\u00e2tre de rue<\/strong>. Attir\u00e9e par la p\u00e9dagogie et la recherche musicale, elle s\u2019int\u00e9resse notamment aux travaux de Jo\u00ebl Sternheimer sur les fr\u00e9quences (\u201cles prot\u00e9odies\u201d), au Soundpainting avec Walter Thomson et \u00e0 la technique de transmission musicale de Lucas Schiavatta (\u201cO Passo\u201d) avec lesquels elle effectue des stages. Elle cr\u00e9e une compagnie en 2005, \u201cles Rustines de l\u2019Ange\u201d et organise un festival de th\u00e9\u00e2tre de rue en milieu rural en 2012 et 2013. Elle effectue plusieurs voyages au Br\u00e9sil o\u00f9 elle prend des cours au conservatoire de Salvador da Bahia et rencontre des musiciens desquels elle apprend chansons et rythmes traditionnels\u2026 Elle travaille ensuite le jeu d\u2019acteur lors de divers stages puis le clown (p\u00e9dagogie d\u2019E. Blouet) avec Francis Farizon et <strong>fait aujourd\u2019hui partie de la brigade des \u201cClowns Municip\u00f4\u201d<\/strong> de la compagnie La Manivelle. Elle <strong>cr\u00e9e un solo de femme orchestre en 2015<\/strong>, r\u00e9pondant ainsi \u00e0 un r\u00eave d\u2019enfant, joue dans 3 spectacles en duo et anime cette ann\u00e9e un atelier musical pour adultes \u00e0 l\u2019\u00e9cole de musique Notes en Bulles de Buis les Baronnies. Elle travaille le chant avec Fran\u00e7ois Valade depuis 2016 et <strong>rejoint la compagnie du Parquet Nomade en 2017<\/strong>, d\u00e9couvre la danse contact improvisation avec Marion Michel et devient rapidement artiste associ\u00e9e de la compagnie.[\/vc_column_text][vc_empty_space height=\u00a0\u00bb60px\u00a0\u00bb][vc_column_text]<\/p>\n<h3>Mandy Roetynck<\/h3>\n<p>[\/vc_column_text][vc_empty_space height=\u00a0\u00bb16px\u00a0\u00bb][vc_column_text]<\/p>\n<h6>Charg\u00e9e de communication, administration<\/h6>\n<p>[\/vc_column_text][vc_empty_space height=\u00a0\u00bb24px\u00a0\u00bb][vc_column_text]Mandy met en \u0153uvre son savoir-faire au service de\u00a0l\u2019administration et la gestion de projets de la cie du Parquet nomade.[\/vc_column_text][vc_empty_space height=\u00a0\u00bb60px\u00a0\u00bb][vc_separator type=\u00a0\u00bbnormal\u00a0\u00bb thickness=\u00a0\u00bb30&Prime;][vc_empty_space height=\u00a0\u00bb24px\u00a0\u00bb][vc_column_text]<\/p>\n<h3>Association Parquet Nomade est en compagnonnage<\/h3>\n<p>administratif avec le Fil de Soie depuis 2008[\/vc_column_text][vc_empty_space height=\u00a0\u00bb26px\u00a0\u00bb][vc_column_text]Association Parquet Nomade<\/p>\n<p>N\u00b0 Siret : 8 94 007 095 00017 &#8211; APE : 9003B[\/vc_column_text][vc_empty_space height=\u00a0\u00bb26px\u00a0\u00bb][vc_row_inner row_type=\u00a0\u00bbrow\u00a0\u00bb type=\u00a0\u00bbfull_width\u00a0\u00bb text_align=\u00a0\u00bbleft\u00a0\u00bb css_animation=\u00a0\u00bb\u00a0\u00bb][vc_column_inner width=\u00a0\u00bb1\/2&Prime;][vc_single_image image=\u00a0\u00bb1050&Prime; img_size=\u00a0\u00bbfull\u00a0\u00bb onclick=\u00a0\u00bbcustom_link\u00a0\u00bb img_link_target=\u00a0\u00bb_blank\u00a0\u00bb qode_css_animation=\u00a0\u00bb\u00a0\u00bb link=\u00a0\u00bbhttp:\/\/www.cielefildesoie.com\/\u00a0\u00bb][\/vc_column_inner][vc_column_inner width=\u00a0\u00bb1\/2&Prime;][\/vc_column_inner][\/vc_row_inner][vc_empty_space height=\u00a0\u00bb54px\u00a0\u00bb][vc_separator type=\u00a0\u00bbnormal\u00a0\u00bb thickness=\u00a0\u00bb30&Prime;][vc_empty_space height=\u00a0\u00bb24px\u00a0\u00bb][vc_column_text]<\/p>\n<h3>Partenaires<\/h3>\n<p>[\/vc_column_text][vc_empty_space height=\u00a0\u00bb24px\u00a0\u00bb][vc_row_inner row_type=\u00a0\u00bbrow\u00a0\u00bb type=\u00a0\u00bbfull_width\u00a0\u00bb text_align=\u00a0\u00bbleft\u00a0\u00bb css_animation=\u00a0\u00bb\u00a0\u00bb][vc_column_inner width=\u00a0\u00bb1\/4&Prime;][vc_single_image image=\u00a0\u00bb1146&Prime; img_size=\u00a0\u00bbfull\u00a0\u00bb qode_css_animation=\u00a0\u00bb\u00a0\u00bb][\/vc_column_inner][vc_column_inner width=\u00a0\u00bb1\/4&Prime;][vc_single_image image=\u00a0\u00bb1144&Prime; img_size=\u00a0\u00bbfull\u00a0\u00bb qode_css_animation=\u00a0\u00bb\u00a0\u00bb][\/vc_column_inner][vc_column_inner width=\u00a0\u00bb1\/4&Prime;][vc_single_image image=\u00a0\u00bb1142&Prime; img_size=\u00a0\u00bbfull\u00a0\u00bb qode_css_animation=\u00a0\u00bb\u00a0\u00bb][\/vc_column_inner][vc_column_inner width=\u00a0\u00bb1\/4&Prime;][vc_single_image image=\u00a0\u00bb1147&Prime; img_size=\u00a0\u00bbfull\u00a0\u00bb qode_css_animation=\u00a0\u00bb\u00a0\u00bb][\/vc_column_inner][\/vc_row_inner][vc_row_inner row_type=\u00a0\u00bbrow\u00a0\u00bb type=\u00a0\u00bbfull_width\u00a0\u00bb text_align=\u00a0\u00bbleft\u00a0\u00bb css_animation=\u00a0\u00bb\u00a0\u00bb][vc_column_inner width=\u00a0\u00bb1\/4&Prime;][vc_single_image image=\u00a0\u00bb1152&Prime; img_size=\u00a0\u00bbfull\u00a0\u00bb qode_css_animation=\u00a0\u00bb\u00a0\u00bb][\/vc_column_inner][vc_column_inner width=\u00a0\u00bb1\/4&Prime;][vc_single_image image=\u00a0\u00bb1143&Prime; img_size=\u00a0\u00bbfull\u00a0\u00bb qode_css_animation=\u00a0\u00bb\u00a0\u00bb][\/vc_column_inner][vc_column_inner width=\u00a0\u00bb1\/4&Prime;][vc_single_image image=\u00a0\u00bb1138&Prime; img_size=\u00a0\u00bbfull\u00a0\u00bb qode_css_animation=\u00a0\u00bb\u00a0\u00bb][\/vc_column_inner][vc_column_inner width=\u00a0\u00bb1\/4&Prime;][vc_single_image image=\u00a0\u00bb1141&Prime; img_size=\u00a0\u00bbfull\u00a0\u00bb qode_css_animation=\u00a0\u00bb\u00a0\u00bb][\/vc_column_inner][\/vc_row_inner][vc_row_inner row_type=\u00a0\u00bbrow\u00a0\u00bb type=\u00a0\u00bbfull_width\u00a0\u00bb text_align=\u00a0\u00bbleft\u00a0\u00bb css_animation=\u00a0\u00bb\u00a0\u00bb][vc_column_inner width=\u00a0\u00bb1\/4&Prime;][vc_single_image image=\u00a0\u00bb1008&Prime; img_size=\u00a0\u00bbfull\u00a0\u00bb qode_css_animation=\u00a0\u00bb\u00a0\u00bb][\/vc_column_inner][vc_column_inner width=\u00a0\u00bb1\/4&Prime;][vc_single_image image=\u00a0\u00bb1002&Prime; img_size=\u00a0\u00bbfull\u00a0\u00bb qode_css_animation=\u00a0\u00bb\u00a0\u00bb][\/vc_column_inner][vc_column_inner width=\u00a0\u00bb1\/4&Prime;][vc_single_image image=\u00a0\u00bb1006&Prime; img_size=\u00a0\u00bbfull\u00a0\u00bb qode_css_animation=\u00a0\u00bb\u00a0\u00bb][\/vc_column_inner][vc_column_inner width=\u00a0\u00bb1\/4&Prime;][vc_single_image image=\u00a0\u00bb1012&Prime; img_size=\u00a0\u00bbfull\u00a0\u00bb qode_css_animation=\u00a0\u00bb\u00a0\u00bb][\/vc_column_inner][\/vc_row_inner][vc_row_inner row_type=\u00a0\u00bbrow\u00a0\u00bb type=\u00a0\u00bbfull_width\u00a0\u00bb text_align=\u00a0\u00bbleft\u00a0\u00bb css_animation=\u00a0\u00bb\u00a0\u00bb][vc_column_inner width=\u00a0\u00bb1\/4&Prime;][vc_single_image image=\u00a0\u00bb1011&Prime; img_size=\u00a0\u00bbfull\u00a0\u00bb qode_css_animation=\u00a0\u00bb\u00a0\u00bb][\/vc_column_inner][vc_column_inner width=\u00a0\u00bb1\/4&Prime;][vc_single_image image=\u00a0\u00bb1005&Prime; img_size=\u00a0\u00bbfull\u00a0\u00bb qode_css_animation=\u00a0\u00bb\u00a0\u00bb][\/vc_column_inner][vc_column_inner width=\u00a0\u00bb1\/4&Prime;][vc_single_image image=\u00a0\u00bb1004&Prime; img_size=\u00a0\u00bbfull\u00a0\u00bb qode_css_animation=\u00a0\u00bb\u00a0\u00bb][\/vc_column_inner][\/vc_row_inner][vc_row_inner row_type=\u00a0\u00bbrow\u00a0\u00bb type=\u00a0\u00bbfull_width\u00a0\u00bb text_align=\u00a0\u00bbleft\u00a0\u00bb css_animation=\u00a0\u00bb\u00a0\u00bb][vc_column_inner width=\u00a0\u00bb1\/4&Prime;][vc_single_image image=\u00a0\u00bb999&Prime; img_size=\u00a0\u00bbfull\u00a0\u00bb qode_css_animation=\u00a0\u00bb\u00a0\u00bb][\/vc_column_inner][vc_column_inner width=\u00a0\u00bb1\/4&Prime;][vc_single_image image=\u00a0\u00bb1000&Prime; img_size=\u00a0\u00bbfull\u00a0\u00bb qode_css_animation=\u00a0\u00bb\u00a0\u00bb][\/vc_column_inner][vc_column_inner width=\u00a0\u00bb1\/4&Prime;][vc_single_image image=\u00a0\u00bb1003&Prime; img_size=\u00a0\u00bbfull\u00a0\u00bb qode_css_animation=\u00a0\u00bb\u00a0\u00bb][\/vc_column_inner][vc_column_inner width=\u00a0\u00bb1\/4&Prime;][vc_single_image image=\u00a0\u00bb998&Prime; img_size=\u00a0\u00bbfull\u00a0\u00bb qode_css_animation=\u00a0\u00bb\u00a0\u00bb][\/vc_column_inner][\/vc_row_inner][vc_row_inner row_type=\u00a0\u00bbrow\u00a0\u00bb type=\u00a0\u00bbfull_width\u00a0\u00bb text_align=\u00a0\u00bbleft\u00a0\u00bb css_animation=\u00a0\u00bb\u00a0\u00bb][vc_column_inner width=\u00a0\u00bb1\/4&Prime;][vc_single_image image=\u00a0\u00bb1001&Prime; img_size=\u00a0\u00bbfull\u00a0\u00bb qode_css_animation=\u00a0\u00bb\u00a0\u00bb][\/vc_column_inner][vc_column_inner width=\u00a0\u00bb1\/4&Prime;][vc_single_image image=\u00a0\u00bb1014&Prime; img_size=\u00a0\u00bbfull\u00a0\u00bb qode_css_animation=\u00a0\u00bb\u00a0\u00bb][\/vc_column_inner][vc_column_inner width=\u00a0\u00bb1\/4&Prime;][vc_single_image image=\u00a0\u00bb1135&Prime; img_size=\u00a0\u00bbfull\u00a0\u00bb qode_css_animation=\u00a0\u00bb\u00a0\u00bb][\/vc_column_inner][\/vc_row_inner][vc_row_inner row_type=\u00a0\u00bbrow\u00a0\u00bb type=\u00a0\u00bbfull_width\u00a0\u00bb text_align=\u00a0\u00bbleft\u00a0\u00bb css_animation=\u00a0\u00bb\u00a0\u00bb][vc_column_inner width=\u00a0\u00bb1\/4&Prime;][vc_single_image image=\u00a0\u00bb1225&Prime; img_size=\u00a0\u00bbfull\u00a0\u00bb qode_css_animation=\u00a0\u00bb\u00a0\u00bb][\/vc_column_inner][vc_column_inner width=\u00a0\u00bb1\/4&Prime;][vc_single_image image=\u00a0\u00bb1139&Prime; img_size=\u00a0\u00bbfull\u00a0\u00bb qode_css_animation=\u00a0\u00bb\u00a0\u00bb][\/vc_column_inner][vc_column_inner width=\u00a0\u00bb1\/4&Prime;][vc_single_image image=\u00a0\u00bb1157&Prime; img_size=\u00a0\u00bbfull\u00a0\u00bb qode_css_animation=\u00a0\u00bb\u00a0\u00bb][\/vc_column_inner][\/vc_row_inner][vc_empty_space height=\u00a0\u00bb40px\u00a0\u00bb][vc_separator type=\u00a0\u00bbnormal\u00a0\u00bb thickness=\u00a0\u00bb30&Prime;][vc_empty_space height=\u00a0\u00bb24px\u00a0\u00bb][vc_column_text]<\/p>\n<h3>L&rsquo;\u00e9quipe<\/h3>\n<p>[\/vc_column_text][vc_empty_space height=\u00a0\u00bb24px\u00a0\u00bb][vc_column_text]<\/p>\n<h6>est constitu\u00e9e aussi<\/h6>\n<h6>de chor\u00e9graphes, danseurs, danseuses et performeurs<\/h6>\n<ul>\n<li>Maud Ronovsky<\/li>\n<li>L\u00e9a Cagnu Ginoux<\/li>\n<li>Fedra Boscaro<\/li>\n<li>C\u00e9line Auclair<\/li>\n<li>Sylvie Tiratay<\/li>\n<li>Alessandro Francescelli<\/li>\n<li>David Bugnot<\/li>\n<li>Mathieu Gaudeau<\/li>\n<li>Gerry Quevreux<\/li>\n<li>B\u00e9reng\u00e8re Michel<\/li>\n<li>Caterina Mocciola<\/li>\n<\/ul>\n<p>&nbsp;<\/p>\n<h6>D&rsquo;un sc\u00e9nographe performeur<\/h6>\n<ul>\n<li>Cl\u00e9o Laigret<\/li>\n<\/ul>\n<h6>de com\u00e9dien(e)s, clown(e)s et circassien(ne)s<\/h6>\n<ul>\n<li>Maud Ronovsky<\/li>\n<li>Fabienne Dubois<\/li>\n<li>Litchi Sanchez<\/li>\n<li>Aldo Thomas<\/li>\n<li>Ingrid de Reinach<\/li>\n<li>Eric Martin<\/li>\n<\/ul>\n<p>&nbsp;<\/p>\n<h6>de plasticiens<\/h6>\n<ul>\n<li>Alain Royer<\/li>\n<li>Benoit Rassouw<\/li>\n<li>Julien Cordier<\/li>\n<li>No\u00e9 Peyre<\/li>\n<\/ul>\n<h6>de musiciens<\/h6>\n<ul>\n<li>Christine Spraul<\/li>\n<li>Swannie Galinier<\/li>\n<li>Khalid K<\/li>\n<li>Michel Risse<\/li>\n<li>Sylvain Biquand<\/li>\n<li>Christophe Delerce<\/li>\n<li>Frederique Marty<\/li>\n<\/ul>\n<p>&nbsp;<\/p>\n<h6>d&rsquo;une vid\u00e9aste<\/h6>\n<ul>\n<li>vendredi 32<\/li>\n<\/ul>\n<p>&nbsp;<\/p>\n<h6>d&rsquo;\u00e9crivain.e.s po\u00e8tes<\/h6>\n<ul>\n<li>Armin Kreihe<\/li>\n<li>Delphine Baker<\/li>\n<\/ul>\n<p>[\/vc_column_text][vc_empty_space height=\u00a0\u00bb54px\u00a0\u00bb][vc_separator type=\u00a0\u00bbnormal\u00a0\u00bb thickness=\u00a0\u00bb30&Prime;][vc_empty_space height=\u00a0\u00bb26px\u00a0\u00bb][vc_column_text]<\/p>\n<h3>Amis, compagnies amies<\/h3>\n<p>&nbsp;<\/p>\n<ul>\n<li><a href=\"http:\/\/www.la-dm.com\/\" target=\"_blank\" rel=\"noopener\">Compagnie de la derni\u00e8re minute<\/a><\/li>\n<li><a href=\"http:\/\/www.deuxiemegroupe.org\/\" target=\"_blank\" rel=\"noopener\">Deuxi\u00e8me groupe d&rsquo;intervention<\/a><\/li>\n<li><a href=\"http:\/\/www.decorsonore.org\/\" target=\"_blank\" rel=\"noopener\">D\u00e9cor sonore<\/a><\/li>\n<li><a href=\"http:\/\/www.khalidk.com\/\" target=\"_blank\" rel=\"noopener\">Khalid K<\/a><\/li>\n<li><a href=\"http:\/\/www.ciexy.com\/\" target=\"_blank\" rel=\"noopener\">Compagnie XY<\/a><\/li>\n<li><a href=\"http:\/\/cie-labocaabierta.blogspot.fr\/\" target=\"_blank\" rel=\"noopener\">Compagnie la Boca Abierta<\/a><\/li>\n<li><a href=\"http:\/\/anqa-danseaveclesroues.fr\/\" target=\"_blank\" rel=\"noopener\">Anqa Danse avec les roues<\/a><\/li>\n<li><a href=\"http:\/\/citrik.over-blog.com\" target=\"_blank\" rel=\"noopener\">Ludor Citrik<\/a><\/li>\n<li><a href=\"https:\/\/www.facebook.com\/Lior-Shoov-126165420738714\/\" target=\"_blank\" rel=\"noopener\">Lior Shoov<\/a><\/li>\n<li><a href=\"http:\/\/www.quartetbuccal.fr\/\" target=\"_blank\" rel=\"noopener\">Le Quartet Buccal<\/a><\/li>\n<li><a href=\"http:\/\/canaldanse.com\/\" target=\"_blank\" rel=\"noopener\">Canal Danse<\/a><\/li>\n<li><a href=\"http:\/\/www.ensbatucada.com\/spip.php\" target=\"_blank\" rel=\"noopener\">Ens&rsquo; batucada<\/a><\/li>\n<li><a href=\"http:\/\/www.lescrayons.fr\/\" target=\"_blank\" rel=\"noopener\">Compagnie Les Crayons<\/a><\/li>\n<li><a href=\"http:\/\/www.mysticasalvaje.com\/\" target=\"_blank\" rel=\"noopener\">Compagnie Mystica Salvaje<\/a><\/li>\n<li><a href=\"http:\/\/www.juliencordier.fr\/\" target=\"_blank\" rel=\"noopener\">Julien Cordier<\/a><\/li>\n<\/ul>\n<p>[\/vc_column_text][\/vc_column][\/vc_row][vc_row css_animation=\u00a0\u00bb\u00a0\u00bb row_type=\u00a0\u00bbrow\u00a0\u00bb use_row_as_full_screen_section=\u00a0\u00bbno\u00a0\u00bb type=\u00a0\u00bbfull_width\u00a0\u00bb angled_section=\u00a0\u00bbno\u00a0\u00bb text_align=\u00a0\u00bbleft\u00a0\u00bb background_image_as_pattern=\u00a0\u00bbwithout_pattern\u00a0\u00bb][vc_column][vc_empty_space height=\u00a0\u00bb40px\u00a0\u00bb][\/vc_column][\/vc_row]<\/p>\n","protected":false},"excerpt":{"rendered":"<p>[vc_row css_animation=\u00a0\u00bb\u00a0\u00bb row_type=\u00a0\u00bbrow\u00a0\u00bb use_row_as_full_screen_section=\u00a0\u00bbno\u00a0\u00bb type=\u00a0\u00bbfull_width\u00a0\u00bb angled_section=\u00a0\u00bbno\u00a0\u00bb text_align=\u00a0\u00bbleft\u00a0\u00bb background_image_as_pattern=\u00a0\u00bbwithout_pattern\u00a0\u00bb css=\u00a0\u00bb.vc_custom_1486123859378{padding-top: 45px !important;padding-bottom: 74px !important;background-color: rgba(249,249,249,0.85) !important;*background-color: rgb(249,249,249) !important;}\u00a0\u00bb][vc_column offset=\u00a0\u00bbvc_col-lg-6 vc_col-md-6&Prime;][vc_single_image image=\u00a0\u00bb56&Prime;&#8230;<\/p>\n","protected":false},"author":2,"featured_media":0,"parent":0,"menu_order":0,"comment_status":"closed","ping_status":"closed","template":"","meta":{"footnotes":""},"class_list":["post-493","page","type-page","status-publish","hentry"],"_links":{"self":[{"href":"https:\/\/parquetnomade.com\/index.php\/wp-json\/wp\/v2\/pages\/493","targetHints":{"allow":["GET"]}}],"collection":[{"href":"https:\/\/parquetnomade.com\/index.php\/wp-json\/wp\/v2\/pages"}],"about":[{"href":"https:\/\/parquetnomade.com\/index.php\/wp-json\/wp\/v2\/types\/page"}],"author":[{"embeddable":true,"href":"https:\/\/parquetnomade.com\/index.php\/wp-json\/wp\/v2\/users\/2"}],"replies":[{"embeddable":true,"href":"https:\/\/parquetnomade.com\/index.php\/wp-json\/wp\/v2\/comments?post=493"}],"version-history":[{"count":77,"href":"https:\/\/parquetnomade.com\/index.php\/wp-json\/wp\/v2\/pages\/493\/revisions"}],"predecessor-version":[{"id":1460,"href":"https:\/\/parquetnomade.com\/index.php\/wp-json\/wp\/v2\/pages\/493\/revisions\/1460"}],"wp:attachment":[{"href":"https:\/\/parquetnomade.com\/index.php\/wp-json\/wp\/v2\/media?parent=493"}],"curies":[{"name":"wp","href":"https:\/\/api.w.org\/{rel}","templated":true}]}}