{"id":363,"date":"2016-02-26T13:44:17","date_gmt":"2016-02-26T13:44:17","guid":{"rendered":"http:\/\/bridge14.qodeinteractive.com\/?page_id=363"},"modified":"2017-02-07T18:39:57","modified_gmt":"2017-02-07T17:39:57","slug":"blog","status":"publish","type":"page","link":"https:\/\/parquetnomade.com\/index.php\/blog\/","title":{"rendered":"BLOG"},"content":{"rendered":"<p>[vc_row row_type=\u00a0\u00bbrow\u00a0\u00bb use_row_as_full_screen_section=\u00a0\u00bbno\u00a0\u00bb type=\u00a0\u00bbgrid\u00a0\u00bb angled_section=\u00a0\u00bbno\u00a0\u00bb text_align=\u00a0\u00bbleft\u00a0\u00bb background_image_as_pattern=\u00a0\u00bbwithout_pattern\u00a0\u00bb css_animation=\u00a0\u00bb\u00a0\u00bb][vc_column]<div class='latest_post_two_holder three_columns'><ul><li class=\"clearfix\"><div class=\"latest_post_two_image\"><a itemprop=\"url\" href=\"https:\/\/parquetnomade.com\/index.php\/2025\/11\/21\/rassembler-la-tribu-5-30-dec-2025-au-3-janv-2026\/\"><img loading=\"lazy\" decoding=\"async\" width=\"700\" height=\"700\" src=\"https:\/\/parquetnomade.com\/wp-content\/uploads\/2025\/11\/Ozon-couv258.jpg\" class=\"attachment-portfolio_masonry_with_space size-portfolio_masonry_with_space wp-post-image\" alt=\"\" \/><\/a><\/div><div class=\"latest_post_two_inner\" style='background-color: #f8f8f8;'><div class=\"latest_post_two_text\"><h5 itemprop=\"name\" class=\"latest_post_two_title entry_title\"><a itemprop=\"url\" href=\"https:\/\/parquetnomade.com\/index.php\/2025\/11\/21\/rassembler-la-tribu-5-30-dec-2025-au-3-janv-2026\/\" >Rassembler la tribu #5 &#8211;   du 30 d\u00e9c 2025 au 3 janv 2026<\/a><\/h5><div class=\"separator small left\" style='background-color: #111111;'><\/div><p itemprop=\"description\" class=\"latest_post_two_excerpt\" >\u00ab\u00a0Gathering the Tribe\u00a0\u00bb, RASSEMBLER LA TRIBU #5\u2026\u00a0\u00bbfaire ch\u0153ur en corps \u00a0\u00bb Une c\u00e9l\u00e9bration festive et rituelle. requiert une pratique r\u00e9guli\u00e8re...<\/p><\/div><div class=\"latest_post_two_info\" style='border-color: #444444;'><div class=\"latest_post_two_info_inner\" ><div class=\"post_info_author\"><img alt='Author Image' src='https:\/\/secure.gravatar.com\/avatar\/2a4d4ff4c0a109e949ad811d16448360d9b824fa7110afd7a701b0467d7562dd?s=30&#038;d=mm&#038;r=g' srcset='https:\/\/secure.gravatar.com\/avatar\/2a4d4ff4c0a109e949ad811d16448360d9b824fa7110afd7a701b0467d7562dd?s=60&#038;d=mm&#038;r=g 2x' class='avatar avatar-30 photo' height='30' width='30' \/><span class=\"post_info_author_name\">mm629720-ovh<\/span><\/div><div itemprop=\"dateCreated\" class=\"post_info_date entry_date updated\">21 novembre, 2025<meta itemprop=\"interactionCount\" content=\"UserComments: <?php echo get_comments_number(qode_get_page_id()); ?>\"\/><\/div><\/div><\/div><\/div><\/li><li class=\"clearfix\"><div class=\"latest_post_two_image\"><a itemprop=\"url\" href=\"https:\/\/parquetnomade.com\/index.php\/2016\/04\/10\/stage-clown-clown-workshop-16-avr-16\/\"><img loading=\"lazy\" decoding=\"async\" width=\"640\" height=\"480\" src=\"https:\/\/parquetnomade.com\/wp-content\/uploads\/2017\/01\/marie-potard-jambe.jpg\" class=\"attachment-portfolio_masonry_with_space size-portfolio_masonry_with_space wp-post-image\" alt=\"Marie Potard \u00a9 Cie du Parquet Nomade\" srcset=\"https:\/\/parquetnomade.com\/wp-content\/uploads\/2017\/01\/marie-potard-jambe.jpg 640w, https:\/\/parquetnomade.com\/wp-content\/uploads\/2017\/01\/marie-potard-jambe-300x225.jpg 300w\" sizes=\"auto, (max-width: 640px) 100vw, 640px\" \/><\/a><\/div><div class=\"latest_post_two_inner\" style='background-color: #f8f8f8;'><div class=\"latest_post_two_text\"><h5 itemprop=\"name\" class=\"latest_post_two_title entry_title\"><a itemprop=\"url\" href=\"https:\/\/parquetnomade.com\/index.php\/2016\/04\/10\/stage-clown-clown-workshop-16-avr-16\/\" >Stage clown \/ Clown workshop \/ 16 avr. 16<\/a><\/h5><div class=\"separator small left\" style='background-color: #111111;'><\/div><p itemprop=\"description\" class=\"latest_post_two_excerpt\" >16 avril 2016 \/ Bondy \/ Chez la cie La Ravie This intensive one day workshop will provide tools to...<\/p><\/div><div class=\"latest_post_two_info\" style='border-color: #444444;'><div class=\"latest_post_two_info_inner\" ><div class=\"post_info_author\"><img alt='Author Image' src='https:\/\/secure.gravatar.com\/avatar\/18b50ee4edf82a02e93af363da6f1baddc9cb4917add9f463439d59ba001d3ad?s=30&#038;d=mm&#038;r=g' srcset='https:\/\/secure.gravatar.com\/avatar\/18b50ee4edf82a02e93af363da6f1baddc9cb4917add9f463439d59ba001d3ad?s=60&#038;d=mm&#038;r=g 2x' class='avatar avatar-30 photo' height='30' width='30' \/><span class=\"post_info_author_name\">Com Parquet Nomade<\/span><\/div><div itemprop=\"dateCreated\" class=\"post_info_date entry_date updated\">10 avril, 2016<meta itemprop=\"interactionCount\" content=\"UserComments: <?php echo get_comments_number(qode_get_page_id()); ?>\"\/><\/div><\/div><\/div><\/div><\/li><li class=\"clearfix\"><div class=\"latest_post_two_image\"><a itemprop=\"url\" href=\"https:\/\/parquetnomade.com\/index.php\/2016\/06\/08\/oiseau-bleu\/\"><img loading=\"lazy\" decoding=\"async\" width=\"700\" height=\"394\" src=\"https:\/\/parquetnomade.com\/wp-content\/uploads\/2017\/02\/oiseau-bleu-5-700x394.jpg\" class=\"attachment-portfolio_masonry_with_space size-portfolio_masonry_with_space wp-post-image\" alt=\"\" srcset=\"https:\/\/parquetnomade.com\/wp-content\/uploads\/2017\/02\/oiseau-bleu-5-700x394.jpg 700w, https:\/\/parquetnomade.com\/wp-content\/uploads\/2017\/02\/oiseau-bleu-5-300x169.jpg 300w, https:\/\/parquetnomade.com\/wp-content\/uploads\/2017\/02\/oiseau-bleu-5-768x432.jpg 768w, https:\/\/parquetnomade.com\/wp-content\/uploads\/2017\/02\/oiseau-bleu-5.jpg 800w, https:\/\/parquetnomade.com\/wp-content\/uploads\/2017\/02\/oiseau-bleu-5-539x303.jpg 539w\" sizes=\"auto, (max-width: 700px) 100vw, 700px\" \/><\/a><\/div><div class=\"latest_post_two_inner\" style='background-color: #f8f8f8;'><div class=\"latest_post_two_text\"><h5 itemprop=\"name\" class=\"latest_post_two_title entry_title\"><a itemprop=\"url\" href=\"https:\/\/parquetnomade.com\/index.php\/2016\/06\/08\/oiseau-bleu\/\" >Oiseau bleu<\/a><\/h5><div class=\"separator small left\" style='background-color: #111111;'><\/div><p itemprop=\"description\" class=\"latest_post_two_excerpt\" ><\/p><\/div><div class=\"latest_post_two_info\" style='border-color: #444444;'><div class=\"latest_post_two_info_inner\" ><div class=\"post_info_author\"><img alt='Author Image' src='https:\/\/secure.gravatar.com\/avatar\/18b50ee4edf82a02e93af363da6f1baddc9cb4917add9f463439d59ba001d3ad?s=30&#038;d=mm&#038;r=g' srcset='https:\/\/secure.gravatar.com\/avatar\/18b50ee4edf82a02e93af363da6f1baddc9cb4917add9f463439d59ba001d3ad?s=60&#038;d=mm&#038;r=g 2x' class='avatar avatar-30 photo' height='30' width='30' \/><span class=\"post_info_author_name\">Com Parquet Nomade<\/span><\/div><div itemprop=\"dateCreated\" class=\"post_info_date entry_date updated\">08 juin, 2016<meta itemprop=\"interactionCount\" content=\"UserComments: <?php echo get_comments_number(qode_get_page_id()); ?>\"\/><\/div><\/div><\/div><\/div><\/li><li class=\"clearfix\"><div class=\"latest_post_two_image\"><a itemprop=\"url\" href=\"https:\/\/parquetnomade.com\/index.php\/2016\/11\/01\/ateliers-lundi\/\"><img loading=\"lazy\" decoding=\"async\" width=\"700\" height=\"468\" src=\"https:\/\/parquetnomade.com\/wp-content\/uploads\/2017\/02\/jam-guidee-villette-1-700x468.jpg\" class=\"attachment-portfolio_masonry_with_space size-portfolio_masonry_with_space wp-post-image\" alt=\"Jam guid\u00e9e \u00a9 Cie du Parquet Nomade\" srcset=\"https:\/\/parquetnomade.com\/wp-content\/uploads\/2017\/02\/jam-guidee-villette-1-700x468.jpg 700w, https:\/\/parquetnomade.com\/wp-content\/uploads\/2017\/02\/jam-guidee-villette-1-300x200.jpg 300w, https:\/\/parquetnomade.com\/wp-content\/uploads\/2017\/02\/jam-guidee-villette-1-768x513.jpg 768w, https:\/\/parquetnomade.com\/wp-content\/uploads\/2017\/02\/jam-guidee-villette-1.jpg 1000w\" sizes=\"auto, (max-width: 700px) 100vw, 700px\" \/><\/a><\/div><div class=\"latest_post_two_inner\" style='background-color: #f8f8f8;'><div class=\"latest_post_two_text\"><h5 itemprop=\"name\" class=\"latest_post_two_title entry_title\"><a itemprop=\"url\" href=\"https:\/\/parquetnomade.com\/index.php\/2016\/11\/01\/ateliers-lundi\/\" >Contact impro \/ Lundis de Novembre 17<\/a><\/h5><div class=\"separator small left\" style='background-color: #111111;'><\/div><p itemprop=\"description\" class=\"latest_post_two_excerpt\" >Ce soir lundi 7 nov et tous les lundi de novembre ! Je vous propose : Une s\u00e9rie de cours...<\/p><\/div><div class=\"latest_post_two_info\" style='border-color: #444444;'><div class=\"latest_post_two_info_inner\" ><div class=\"post_info_author\"><img alt='Author Image' src='https:\/\/secure.gravatar.com\/avatar\/18b50ee4edf82a02e93af363da6f1baddc9cb4917add9f463439d59ba001d3ad?s=30&#038;d=mm&#038;r=g' srcset='https:\/\/secure.gravatar.com\/avatar\/18b50ee4edf82a02e93af363da6f1baddc9cb4917add9f463439d59ba001d3ad?s=60&#038;d=mm&#038;r=g 2x' class='avatar avatar-30 photo' height='30' width='30' \/><span class=\"post_info_author_name\">Com Parquet Nomade<\/span><\/div><div itemprop=\"dateCreated\" class=\"post_info_date entry_date updated\">01 novembre, 2016<meta itemprop=\"interactionCount\" content=\"UserComments: <?php echo get_comments_number(qode_get_page_id()); ?>\"\/><\/div><\/div><\/div><\/div><\/li><li class=\"clearfix\"><div class=\"latest_post_two_image\"><a itemprop=\"url\" href=\"https:\/\/parquetnomade.com\/index.php\/2016\/12\/08\/clown-a-lhopital\/\"><img loading=\"lazy\" decoding=\"async\" width=\"640\" height=\"480\" src=\"https:\/\/parquetnomade.com\/wp-content\/uploads\/2017\/02\/clown-hopital-3-1.jpg\" class=\"attachment-portfolio_masonry_with_space size-portfolio_masonry_with_space wp-post-image\" alt=\"\" srcset=\"https:\/\/parquetnomade.com\/wp-content\/uploads\/2017\/02\/clown-hopital-3-1.jpg 640w, https:\/\/parquetnomade.com\/wp-content\/uploads\/2017\/02\/clown-hopital-3-1-300x225.jpg 300w\" sizes=\"auto, (max-width: 640px) 100vw, 640px\" \/><\/a><\/div><div class=\"latest_post_two_inner\" style='background-color: #f8f8f8;'><div class=\"latest_post_two_text\"><h5 itemprop=\"name\" class=\"latest_post_two_title entry_title\"><a itemprop=\"url\" href=\"https:\/\/parquetnomade.com\/index.php\/2016\/12\/08\/clown-a-lhopital\/\" >Clown \u00e0 l&rsquo;h\u00f4pital &#8211; 2017<\/a><\/h5><div class=\"separator small left\" style='background-color: #111111;'><\/div><p itemprop=\"description\" class=\"latest_post_two_excerpt\" >Quelques jours \u00e0 l&rsquo;h\u00f4pital Charles Foix pour des interventions en clown aupr\u00e8s de personnes \u00e2g\u00e9es. Une exp\u00e9rience passionnante.<\/p><\/div><div class=\"latest_post_two_info\" style='border-color: #444444;'><div class=\"latest_post_two_info_inner\" ><div class=\"post_info_author\"><img alt='Author Image' src='https:\/\/secure.gravatar.com\/avatar\/18b50ee4edf82a02e93af363da6f1baddc9cb4917add9f463439d59ba001d3ad?s=30&#038;d=mm&#038;r=g' srcset='https:\/\/secure.gravatar.com\/avatar\/18b50ee4edf82a02e93af363da6f1baddc9cb4917add9f463439d59ba001d3ad?s=60&#038;d=mm&#038;r=g 2x' class='avatar avatar-30 photo' height='30' width='30' \/><span class=\"post_info_author_name\">Com Parquet Nomade<\/span><\/div><div itemprop=\"dateCreated\" class=\"post_info_date entry_date updated\">08 d\u00e9cembre, 2016<meta itemprop=\"interactionCount\" content=\"UserComments: <?php echo get_comments_number(qode_get_page_id()); ?>\"\/><\/div><\/div><\/div><\/div><\/li><li class=\"clearfix\"><div class=\"latest_post_two_image\"><a itemprop=\"url\" href=\"https:\/\/parquetnomade.com\/index.php\/2017\/01\/01\/la-voix-du-corps-10-janv\/\"><img loading=\"lazy\" decoding=\"async\" width=\"609\" height=\"500\" src=\"https:\/\/parquetnomade.com\/wp-content\/uploads\/2017\/01\/corps-voix-2-1.jpg\" class=\"attachment-portfolio_masonry_with_space size-portfolio_masonry_with_space wp-post-image\" alt=\"Atelier Corps Voix \u00a9 Cie du Parquet Nomade\" srcset=\"https:\/\/parquetnomade.com\/wp-content\/uploads\/2017\/01\/corps-voix-2-1.jpg 609w, https:\/\/parquetnomade.com\/wp-content\/uploads\/2017\/01\/corps-voix-2-1-300x246.jpg 300w\" sizes=\"auto, (max-width: 609px) 100vw, 609px\" \/><\/a><\/div><div class=\"latest_post_two_inner\" style='background-color: #f8f8f8;'><div class=\"latest_post_two_text\"><h5 itemprop=\"name\" class=\"latest_post_two_title entry_title\"><a itemprop=\"url\" href=\"https:\/\/parquetnomade.com\/index.php\/2017\/01\/01\/la-voix-du-corps-10-janv\/\" >La Voix du Corps \/ 10 janv 17<\/a><\/h5><div class=\"separator small left\" style='background-color: #111111;'><\/div><p itemprop=\"description\" class=\"latest_post_two_excerpt\" >Oser aller vers l\u2019inconnu, apprivoiser de nouveaux chemins dans la voix et le corps. \u00bb\u2026 Dimanche 10 janvier 2017 &#8211;...<\/p><\/div><div class=\"latest_post_two_info\" style='border-color: #444444;'><div class=\"latest_post_two_info_inner\" ><div class=\"post_info_author\"><img alt='Author Image' src='https:\/\/secure.gravatar.com\/avatar\/18b50ee4edf82a02e93af363da6f1baddc9cb4917add9f463439d59ba001d3ad?s=30&#038;d=mm&#038;r=g' srcset='https:\/\/secure.gravatar.com\/avatar\/18b50ee4edf82a02e93af363da6f1baddc9cb4917add9f463439d59ba001d3ad?s=60&#038;d=mm&#038;r=g 2x' class='avatar avatar-30 photo' height='30' width='30' \/><span class=\"post_info_author_name\">Com Parquet Nomade<\/span><\/div><div itemprop=\"dateCreated\" class=\"post_info_date entry_date updated\">01 janvier, 2017<meta itemprop=\"interactionCount\" content=\"UserComments: <?php echo get_comments_number(qode_get_page_id()); ?>\"\/><\/div><\/div><\/div><\/div><\/li><li class=\"clearfix\"><div class=\"latest_post_two_image\"><a itemprop=\"url\" href=\"https:\/\/parquetnomade.com\/index.php\/2017\/01\/08\/stage-au-mans\/\"><img loading=\"lazy\" decoding=\"async\" width=\"700\" height=\"685\" src=\"https:\/\/parquetnomade.com\/wp-content\/uploads\/2017\/03\/groupe-corpaysage-3-700x685.jpg\" class=\"attachment-portfolio_masonry_with_space size-portfolio_masonry_with_space wp-post-image\" alt=\"Stage au Mans \u00a9 Centre Beaulieu \/ Cie du Parquet Nomade\" srcset=\"https:\/\/parquetnomade.com\/wp-content\/uploads\/2017\/03\/groupe-corpaysage-3-700x685.jpg 700w, https:\/\/parquetnomade.com\/wp-content\/uploads\/2017\/03\/groupe-corpaysage-3-300x294.jpg 300w, https:\/\/parquetnomade.com\/wp-content\/uploads\/2017\/03\/groupe-corpaysage-3-768x752.jpg 768w, https:\/\/parquetnomade.com\/wp-content\/uploads\/2017\/03\/groupe-corpaysage-3.jpg 801w\" sizes=\"auto, (max-width: 700px) 100vw, 700px\" \/><\/a><\/div><div class=\"latest_post_two_inner\" style='background-color: #f8f8f8;'><div class=\"latest_post_two_text\"><h5 itemprop=\"name\" class=\"latest_post_two_title entry_title\"><a itemprop=\"url\" href=\"https:\/\/parquetnomade.com\/index.php\/2017\/01\/08\/stage-au-mans\/\" >Stage au Mans &#8211; 2017<\/a><\/h5><div class=\"separator small left\" style='background-color: #111111;'><\/div><p itemprop=\"description\" class=\"latest_post_two_excerpt\" >Le Mans, au pied des remparts. Transmission de fin d\u2019Atelier coanim\u00e9 avec Alain Montebran. Centre Beaulieu, 72000 Le Mans<\/p><\/div><div class=\"latest_post_two_info\" style='border-color: #444444;'><div class=\"latest_post_two_info_inner\" ><div class=\"post_info_author\"><img alt='Author Image' src='https:\/\/secure.gravatar.com\/avatar\/18b50ee4edf82a02e93af363da6f1baddc9cb4917add9f463439d59ba001d3ad?s=30&#038;d=mm&#038;r=g' srcset='https:\/\/secure.gravatar.com\/avatar\/18b50ee4edf82a02e93af363da6f1baddc9cb4917add9f463439d59ba001d3ad?s=60&#038;d=mm&#038;r=g 2x' class='avatar avatar-30 photo' height='30' width='30' \/><span class=\"post_info_author_name\">Com Parquet Nomade<\/span><\/div><div itemprop=\"dateCreated\" class=\"post_info_date entry_date updated\">08 janvier, 2017<meta itemprop=\"interactionCount\" content=\"UserComments: <?php echo get_comments_number(qode_get_page_id()); ?>\"\/><\/div><\/div><\/div><\/div><\/li><li class=\"clearfix\"><div class=\"latest_post_two_image\"><a itemprop=\"url\" href=\"https:\/\/parquetnomade.com\/index.php\/2017\/02\/05\/la-voix-du-corps-5-fev\/\"><img loading=\"lazy\" decoding=\"async\" width=\"700\" height=\"442\" src=\"https:\/\/parquetnomade.com\/wp-content\/uploads\/2017\/02\/saint-phalle-700x442.jpg\" class=\"attachment-portfolio_masonry_with_space size-portfolio_masonry_with_space wp-post-image\" alt=\"\" srcset=\"https:\/\/parquetnomade.com\/wp-content\/uploads\/2017\/02\/saint-phalle-700x442.jpg 700w, https:\/\/parquetnomade.com\/wp-content\/uploads\/2017\/02\/saint-phalle-300x190.jpg 300w, https:\/\/parquetnomade.com\/wp-content\/uploads\/2017\/02\/saint-phalle-768x485.jpg 768w, https:\/\/parquetnomade.com\/wp-content\/uploads\/2017\/02\/saint-phalle.jpg 1000w\" sizes=\"auto, (max-width: 700px) 100vw, 700px\" \/><\/a><\/div><div class=\"latest_post_two_inner\" style='background-color: #f8f8f8;'><div class=\"latest_post_two_text\"><h5 itemprop=\"name\" class=\"latest_post_two_title entry_title\"><a itemprop=\"url\" href=\"https:\/\/parquetnomade.com\/index.php\/2017\/02\/05\/la-voix-du-corps-5-fev\/\" >La Voix du corps \/ 5 f\u00e9v 17<\/a><\/h5><div class=\"separator small left\" style='background-color: #111111;'><\/div><p itemprop=\"description\" class=\"latest_post_two_excerpt\" >Oser aller vers l\u2019inconnu, apprivoiser de nouveaux chemins dans la voix et le corps. \u00bb\u2026 Dimanche 5 f\u00e9vrier 2017 &#8211;...<\/p><\/div><div class=\"latest_post_two_info\" style='border-color: #444444;'><div class=\"latest_post_two_info_inner\" ><div class=\"post_info_author\"><img alt='Author Image' src='https:\/\/secure.gravatar.com\/avatar\/18b50ee4edf82a02e93af363da6f1baddc9cb4917add9f463439d59ba001d3ad?s=30&#038;d=mm&#038;r=g' srcset='https:\/\/secure.gravatar.com\/avatar\/18b50ee4edf82a02e93af363da6f1baddc9cb4917add9f463439d59ba001d3ad?s=60&#038;d=mm&#038;r=g 2x' class='avatar avatar-30 photo' height='30' width='30' \/><span class=\"post_info_author_name\">Com Parquet Nomade<\/span><\/div><div itemprop=\"dateCreated\" class=\"post_info_date entry_date updated\">05 f\u00e9vrier, 2017<meta itemprop=\"interactionCount\" content=\"UserComments: <?php echo get_comments_number(qode_get_page_id()); ?>\"\/><\/div><\/div><\/div><\/div><\/li><li class=\"clearfix\"><div class=\"latest_post_two_image\"><a itemprop=\"url\" href=\"https:\/\/parquetnomade.com\/index.php\/2017\/02\/25\/le-parquet-nomade-a-hambourg\/\"><img loading=\"lazy\" decoding=\"async\" width=\"564\" height=\"430\" src=\"https:\/\/parquetnomade.com\/wp-content\/uploads\/2017\/02\/marion-hamburg-3.jpg\" class=\"attachment-portfolio_masonry_with_space size-portfolio_masonry_with_space wp-post-image\" alt=\"Marion Michel \u00a9 Parquet Nomade Hamburg\" srcset=\"https:\/\/parquetnomade.com\/wp-content\/uploads\/2017\/02\/marion-hamburg-3.jpg 564w, https:\/\/parquetnomade.com\/wp-content\/uploads\/2017\/02\/marion-hamburg-3-300x229.jpg 300w, https:\/\/parquetnomade.com\/wp-content\/uploads\/2017\/02\/marion-hamburg-3-500x380.jpg 500w\" sizes=\"auto, (max-width: 564px) 100vw, 564px\" \/><\/a><\/div><div class=\"latest_post_two_inner\" style='background-color: #f8f8f8;'><div class=\"latest_post_two_text\"><h5 itemprop=\"name\" class=\"latest_post_two_title entry_title\"><a itemprop=\"url\" href=\"https:\/\/parquetnomade.com\/index.php\/2017\/02\/25\/le-parquet-nomade-a-hambourg\/\" >Parquet Nomade \/ Hambourg<\/a><\/h5><div class=\"separator small left\" style='background-color: #111111;'><\/div><p itemprop=\"description\" class=\"latest_post_two_excerpt\" >Interview with Parquet Nomade choreographer Marion Michel at DanceKiosk-Hamburg _ 48 Hours Nomads from Angela Guerreiro on Vimeo.<\/p><\/div><div class=\"latest_post_two_info\" style='border-color: #444444;'><div class=\"latest_post_two_info_inner\" ><div class=\"post_info_author\"><img alt='Author Image' src='https:\/\/secure.gravatar.com\/avatar\/18b50ee4edf82a02e93af363da6f1baddc9cb4917add9f463439d59ba001d3ad?s=30&#038;d=mm&#038;r=g' srcset='https:\/\/secure.gravatar.com\/avatar\/18b50ee4edf82a02e93af363da6f1baddc9cb4917add9f463439d59ba001d3ad?s=60&#038;d=mm&#038;r=g 2x' class='avatar avatar-30 photo' height='30' width='30' \/><span class=\"post_info_author_name\">Com Parquet Nomade<\/span><\/div><div itemprop=\"dateCreated\" class=\"post_info_date entry_date updated\">25 f\u00e9vrier, 2017<meta itemprop=\"interactionCount\" content=\"UserComments: <?php echo get_comments_number(qode_get_page_id()); ?>\"\/><\/div><\/div><\/div><\/div><\/li><li class=\"clearfix\"><div class=\"latest_post_two_image\"><a itemprop=\"url\" href=\"https:\/\/parquetnomade.com\/index.php\/2017\/02\/28\/881\/\"><img loading=\"lazy\" decoding=\"async\" width=\"700\" height=\"467\" src=\"https:\/\/parquetnomade.com\/wp-content\/uploads\/2017\/03\/atelier-danse-buto-700x467.jpg\" class=\"attachment-portfolio_masonry_with_space size-portfolio_masonry_with_space wp-post-image\" alt=\"Atelier Danse Buto \u00a9 Cie du Parquet Nomade\" srcset=\"https:\/\/parquetnomade.com\/wp-content\/uploads\/2017\/03\/atelier-danse-buto-700x467.jpg 700w, https:\/\/parquetnomade.com\/wp-content\/uploads\/2017\/03\/atelier-danse-buto-300x200.jpg 300w, https:\/\/parquetnomade.com\/wp-content\/uploads\/2017\/03\/atelier-danse-buto-768x513.jpg 768w, https:\/\/parquetnomade.com\/wp-content\/uploads\/2017\/03\/atelier-danse-buto.jpg 960w\" sizes=\"auto, (max-width: 700px) 100vw, 700px\" \/><\/a><\/div><div class=\"latest_post_two_inner\" style='background-color: #f8f8f8;'><div class=\"latest_post_two_text\"><h5 itemprop=\"name\" class=\"latest_post_two_title entry_title\"><a itemprop=\"url\" href=\"https:\/\/parquetnomade.com\/index.php\/2017\/02\/28\/881\/\" >Danse But\u00f4 \/ Chaque vendredi 19h > juin 2017<\/a><\/h5><div class=\"separator small left\" style='background-color: #111111;'><\/div><p itemprop=\"description\" class=\"latest_post_two_excerpt\" >Atelier r\u00e9gulier de danse But\u00f4 tous les vendredis 19h \u00e0 21h. Nous \u00e9voluerons \u00e0 travers un \u00e9chauffement sur l&rsquo;axe, le...<\/p><\/div><div class=\"latest_post_two_info\" style='border-color: #444444;'><div class=\"latest_post_two_info_inner\" ><div class=\"post_info_author\"><img alt='Author Image' src='https:\/\/secure.gravatar.com\/avatar\/18b50ee4edf82a02e93af363da6f1baddc9cb4917add9f463439d59ba001d3ad?s=30&#038;d=mm&#038;r=g' srcset='https:\/\/secure.gravatar.com\/avatar\/18b50ee4edf82a02e93af363da6f1baddc9cb4917add9f463439d59ba001d3ad?s=60&#038;d=mm&#038;r=g 2x' class='avatar avatar-30 photo' height='30' width='30' \/><span class=\"post_info_author_name\">Com Parquet Nomade<\/span><\/div><div itemprop=\"dateCreated\" class=\"post_info_date entry_date updated\">28 f\u00e9vrier, 2017<meta itemprop=\"interactionCount\" content=\"UserComments: <?php echo get_comments_number(qode_get_page_id()); ?>\"\/><\/div><\/div><\/div><\/div><\/li><\/ul><\/div>[\/vc_column][\/vc_row]<\/p>\n","protected":false},"excerpt":{"rendered":"<p>[vc_row row_type=\u00a0\u00bbrow\u00a0\u00bb use_row_as_full_screen_section=\u00a0\u00bbno\u00a0\u00bb type=\u00a0\u00bbgrid\u00a0\u00bb angled_section=\u00a0\u00bbno\u00a0\u00bb text_align=\u00a0\u00bbleft\u00a0\u00bb background_image_as_pattern=\u00a0\u00bbwithout_pattern\u00a0\u00bb css_animation=\u00a0\u00bb\u00a0\u00bb][vc_column][\/vc_column][\/vc_row]<\/p>\n","protected":false},"author":2,"featured_media":0,"parent":0,"menu_order":0,"comment_status":"closed","ping_status":"closed","template":"full_width.php","meta":{"footnotes":""},"class_list":["post-363","page","type-page","status-publish","hentry"],"_links":{"self":[{"href":"https:\/\/parquetnomade.com\/index.php\/wp-json\/wp\/v2\/pages\/363","targetHints":{"allow":["GET"]}}],"collection":[{"href":"https:\/\/parquetnomade.com\/index.php\/wp-json\/wp\/v2\/pages"}],"about":[{"href":"https:\/\/parquetnomade.com\/index.php\/wp-json\/wp\/v2\/types\/page"}],"author":[{"embeddable":true,"href":"https:\/\/parquetnomade.com\/index.php\/wp-json\/wp\/v2\/users\/2"}],"replies":[{"embeddable":true,"href":"https:\/\/parquetnomade.com\/index.php\/wp-json\/wp\/v2\/comments?post=363"}],"version-history":[{"count":4,"href":"https:\/\/parquetnomade.com\/index.php\/wp-json\/wp\/v2\/pages\/363\/revisions"}],"predecessor-version":[{"id":672,"href":"https:\/\/parquetnomade.com\/index.php\/wp-json\/wp\/v2\/pages\/363\/revisions\/672"}],"wp:attachment":[{"href":"https:\/\/parquetnomade.com\/index.php\/wp-json\/wp\/v2\/media?parent=363"}],"curies":[{"name":"wp","href":"https:\/\/api.w.org\/{rel}","templated":true}]}}