{"id":194,"date":"2016-03-20T22:44:46","date_gmt":"2016-03-20T21:44:46","guid":{"rendered":"http:\/\/parquetnomade.com\/?page_id=194"},"modified":"2017-02-09T18:15:50","modified_gmt":"2017-02-09T17:15:50","slug":"ubiquity","status":"publish","type":"page","link":"https:\/\/parquetnomade.com\/index.php\/ubiquity\/","title":{"rendered":"Ubiquity"},"content":{"rendered":"<p>[vc_row css_animation=\u00a0\u00bb\u00a0\u00bb row_type=\u00a0\u00bbrow\u00a0\u00bb use_row_as_full_screen_section=\u00a0\u00bbno\u00a0\u00bb type=\u00a0\u00bbfull_width\u00a0\u00bb angled_section=\u00a0\u00bbno\u00a0\u00bb text_align=\u00a0\u00bbleft\u00a0\u00bb background_image_as_pattern=\u00a0\u00bbwithout_pattern\u00a0\u00bb background_color=\u00a0\u00bbrgba(244,244,244,0.83)\u00a0\u00bb][vc_column][vc_row_inner row_type=\u00a0\u00bbrow\u00a0\u00bb type=\u00a0\u00bbfull_width\u00a0\u00bb text_align=\u00a0\u00bbleft\u00a0\u00bb css_animation=\u00a0\u00bb\u00a0\u00bb][vc_column_inner][\/vc_column_inner][\/vc_row_inner][vc_empty_space height=\u00a0\u00bb24px\u00a0\u00bb][vc_single_image image=\u00a0\u00bb799&Prime; img_size=\u00a0\u00bbfull\u00a0\u00bb qode_css_animation=\u00a0\u00bb\u00a0\u00bb qode_hover_animation=\u00a0\u00bbzoom_in\u00a0\u00bb][vc_empty_space][\/vc_column][\/vc_row][vc_row css_animation=\u00a0\u00bb\u00a0\u00bb row_type=\u00a0\u00bbrow\u00a0\u00bb use_row_as_full_screen_section=\u00a0\u00bbno\u00a0\u00bb type=\u00a0\u00bbfull_width\u00a0\u00bb angled_section=\u00a0\u00bbno\u00a0\u00bb text_align=\u00a0\u00bbleft\u00a0\u00bb background_image_as_pattern=\u00a0\u00bbwithout_pattern\u00a0\u00bb background_color=\u00a0\u00bbrgba(244,244,244,0.83)\u00a0\u00bb][vc_column width=\u00a0\u00bb1\/2&Prime;][vc_video link=\u00a0\u00bbhttps:\/\/vimeo.com\/156120463&Prime;][vc_empty_space height=\u00a0\u00bb180px\u00a0\u00bb][vc_single_image image=\u00a0\u00bb36&Prime; img_size=\u00a0\u00bbfull\u00a0\u00bb qode_css_animation=\u00a0\u00bb\u00a0\u00bb][vc_empty_space][vc_single_image image=\u00a0\u00bb800&Prime; img_size=\u00a0\u00bbfull\u00a0\u00bb qode_css_animation=\u00a0\u00bb\u00a0\u00bb][vc_empty_space][\/vc_column][vc_column width=\u00a0\u00bb1\/2&Prime;][vc_empty_space height=\u00a0\u00bb60px\u00a0\u00bb][vc_column_text]<\/p>\n<h1>Danse, th\u00e9\u00e2tre, art visuel<\/h1>\n<p>[\/vc_column_text][vc_column_text]<\/p>\n<h3>(France\/Allemagne\/Italie)<\/h3>\n<p>[\/vc_column_text][vc_empty_space][vc_column_text]<span class='q_dropcap normal' style=' color: #d22b0a;font-size: 80px;'>L<\/span>a cr\u00e9ation inclut des temps d\u2019exploration urbaine, sous forme de promenades et de r\u00e9p\u00e9titions in situ, mais aussi des temps d\u2019\u00e9criture \u00e0 la table et de r\u00e9p\u00e9tition en studio.<\/p>\n<p>Une cr\u00e9ation nomade qui se finalisera par une performance th\u00e9\u00e2trale questionnant la place du spectateur et l\u2019id\u00e9e de repr\u00e9sentation.<\/p>\n<p>Pour cette cr\u00e9ation nomade nous nous int\u00e9ressons au mouvement dans ses diff\u00e9rentes manifestations, des espaces int\u00e9rieurs, ext\u00e9rieurs et virtuels.<br \/>\n\u00c7a commence autour d\u2019une table ou les questions sont pos\u00e9es, sans attendre de r\u00e9ponses, qui viendront par le mouvement lui m\u00eame et les voix qui en \u00e9mergent, d\u2019une ville \u00e0 une autre, d\u2019un \u00e9tat au suivant, les textures urbaines et leur culture sp\u00e9cifique devenant le cadre de nos explorations interactives.[\/vc_column_text][vc_empty_space][vc_accordion active_tab=\u00a0\u00bbfalse\u00a0\u00bb collapsible=\u00a0\u00bbyes\u00a0\u00bb style=\u00a0\u00bbaccordion\u00a0\u00bb][vc_accordion_tab title=\u00a0\u00bbEnglish\u00a0\u00bb][vc_column_text]<strong>Dance Theater &amp; Art visual project<\/strong><br \/>\n<strong>(France\/Germany\/Italy)<\/strong><\/p>\n<p>The creation includes time of urban exploration as walks and repetition in situ, but also writing time at the table and rehearsal in studio.<br \/>\nA nomadic creation that will finalize a theatrical performance by questioning the role of the spectator and the idea of \u200b\u200brepresentation.<\/p>\n<p>For this nomadic creation we focus on the movement in its various manifestations, interior spaces, exterior and virtual. Starting around a table where questions are asked, without waiting for answers, which will come by the movement itself and the voices that emerge from one city to another, from one state to the next, urban textures and their specific culture becoming part of our interactive explorations.<\/p>\n<p>We are documenting and searching what it means to be human being in this era. what it means to be women and to be artists. we are travelling from one city of residence to the next to understand a little better the other woman\u2019s world. We create a salon litt\u00e9raire where we discuss, explore and experience the INNER, OUTER and VIRTUAL spaces where our relationship develops, comes to moments of confrontation, laughter and authenticity.<br \/>\nInterested in movement in its different manifestations within the inner, outer and virtual realms,we often start everything from a table where questions are posed.<br \/>\nfinding answers is not what we are interested in, the main thing is the movement itself from one city to the other, from one opinion to the next, from one emotional state to the following. the urban textures and its relevant culture become the frame within which we operate and interact with.<br \/>\nInterested in site specific performances, as the cities we are visiting influences our behaviour, choices, so does the individual sites we chose or, as we dare saying, choses us. the choice, from whichever perspective you want to analyze it from, is never casual; although we somehow leave to what in surface appears as a random act of faith, it turns out to serve us well in every given moment.[\/vc_column_text][\/vc_accordion_tab][\/vc_accordion][vc_empty_space height=\u00a0\u00bb90px\u00a0\u00bb][vc_column_text]<span class='q_dropcap normal' style=' color: #d22b0a;font-size: 80px;'>T<\/span>rois femmes regardant un morceau de publicit\u00e9 dans la grande ville europ\u00e9enne. Trois amies qui partagent la m\u00eame passion pour la danse, trois artistes qui poursuivent leur qu\u00eate de v\u00e9rit\u00e9 personnelle \u00e0 travers diff\u00e9rentes disciplines. Elles sont assises sur une table qui se trouve dans la rue.<br \/>\nAspir\u00e9es dans ce monde color\u00e9 qui boucle \u00e0 intervalles r\u00e9guliers, elles questionnent derri\u00e8re les couleurs, les possibilit\u00e9s de leur avenir.<br \/>\nLeur champ de vision est r\u00e9duit par les couleurs distrayantes qui emp\u00eachent la possibilit\u00e9 de se connecter avec d\u2019autres \u00eatres humains, singuli\u00e8rement investi sur ce mouvement r\u00e9p\u00e9titif.<br \/>\nNous avons besoin de l\u2019aide des deux autres pour poursuivre d\u2019une mani\u00e8re diff\u00e9rente.\u00a0\u00bb<\/p>\n<p>Nous cherchons ce que cela signifie d\u2019\u00eatre humain \u00e0 notre \u00e9poque. Ce que cela signifie d\u2019\u00eatre femmes et d\u2019\u00eatre artistes. Nous voyageons d\u2019une ville de r\u00e9sidence \u00e0 l\u2019autre pour comprendre un peu mieux le monde de l\u2019autre femme. Nous cr\u00e9ons un salon litt\u00e9raire o\u00f9 nous discutons, explorant les espaces int\u00e9rieurs, ext\u00e9rieurs et virtuels o\u00f9 notre relation se d\u00e9veloppe \u00e0 travers confrontation, rire et authenticit\u00e9.<\/p>\n<p>Nous nous int\u00e9ressons \u00e0 la performance in situ. Comme les villes que nous visitons influencent nos comportements, nos choix, les diff\u00e9rents sites que nous choisissons ou qui nous choisissent, pose la question du choix. Le choix qui n\u2019est jamais occasionnel ; bien que nous laissons en quelque sorte \u00e0 ce que dans la surface appara\u00eet comme un acte al\u00e9atoire de la foi, il se r\u00e9v\u00e8le bien nous servir \u00e0 chaque instant donn\u00e9.[\/vc_column_text][vc_empty_space][vc_accordion active_tab=\u00a0\u00bbfalse\u00a0\u00bb collapsible=\u00a0\u00bbyes\u00a0\u00bb style=\u00a0\u00bbaccordion\u00a0\u00bb][vc_accordion_tab title=\u00a0\u00bbEnglish\u00a0\u00bb][vc_column_text]\u00ab\u00a0Three women looking at a piece of advertising in big european city. we are friends that share the passion for dance, we are artists that pursue our personal truth through different disciplines. we are sitting on a table found on the street.<br \/>\nwe are looking at the piece of advertising, we are sucked in this colorful world that loops at regular intervals. we are looking behind, the colours are distracting by the possibilities of our future, they are narrowing our field of vision, they are preventing the possibility of connecting with other human beings, we are singularly invested on that repetitive movement. we need the help of the other two to continue in a different way\u00a0\u00bb.[\/vc_column_text][\/vc_accordion_tab][\/vc_accordion][vc_empty_space][\/vc_column][\/vc_row][vc_row css_animation=\u00a0\u00bb\u00a0\u00bb row_type=\u00a0\u00bbrow\u00a0\u00bb use_row_as_full_screen_section=\u00a0\u00bbno\u00a0\u00bb type=\u00a0\u00bbfull_width\u00a0\u00bb angled_section=\u00a0\u00bbno\u00a0\u00bb text_align=\u00a0\u00bbleft\u00a0\u00bb background_image_as_pattern=\u00a0\u00bbwithout_pattern\u00a0\u00bb][vc_column][vc_empty_space height=\u00a0\u00bb60px\u00a0\u00bb][\/vc_column][\/vc_row]<\/p>\n","protected":false},"excerpt":{"rendered":"<p>[vc_row css_animation=\u00a0\u00bb\u00a0\u00bb row_type=\u00a0\u00bbrow\u00a0\u00bb use_row_as_full_screen_section=\u00a0\u00bbno\u00a0\u00bb type=\u00a0\u00bbfull_width\u00a0\u00bb angled_section=\u00a0\u00bbno\u00a0\u00bb text_align=\u00a0\u00bbleft\u00a0\u00bb background_image_as_pattern=\u00a0\u00bbwithout_pattern\u00a0\u00bb background_color=\u00a0\u00bbrgba(244,244,244,0.83)\u00a0\u00bb][vc_column][vc_row_inner row_type=\u00a0\u00bbrow\u00a0\u00bb type=\u00a0\u00bbfull_width\u00a0\u00bb text_align=\u00a0\u00bbleft\u00a0\u00bb css_animation=\u00a0\u00bb\u00a0\u00bb][vc_column_inner][\/vc_column_inner][\/vc_row_inner][vc_empty_space height=\u00a0\u00bb24px\u00a0\u00bb][vc_single_image image=\u00a0\u00bb799&Prime; img_size=\u00a0\u00bbfull\u00a0\u00bb qode_css_animation=\u00a0\u00bb\u00a0\u00bb qode_hover_animation=\u00a0\u00bbzoom_in\u00a0\u00bb][vc_empty_space][\/vc_column][\/vc_row][vc_row css_animation=\u00a0\u00bb\u00a0\u00bb row_type=\u00a0\u00bbrow\u00a0\u00bb&#8230;<\/p>\n","protected":false},"author":2,"featured_media":0,"parent":0,"menu_order":0,"comment_status":"closed","ping_status":"closed","template":"","meta":{"footnotes":""},"class_list":["post-194","page","type-page","status-publish","hentry"],"_links":{"self":[{"href":"https:\/\/parquetnomade.com\/index.php\/wp-json\/wp\/v2\/pages\/194","targetHints":{"allow":["GET"]}}],"collection":[{"href":"https:\/\/parquetnomade.com\/index.php\/wp-json\/wp\/v2\/pages"}],"about":[{"href":"https:\/\/parquetnomade.com\/index.php\/wp-json\/wp\/v2\/types\/page"}],"author":[{"embeddable":true,"href":"https:\/\/parquetnomade.com\/index.php\/wp-json\/wp\/v2\/users\/2"}],"replies":[{"embeddable":true,"href":"https:\/\/parquetnomade.com\/index.php\/wp-json\/wp\/v2\/comments?post=194"}],"version-history":[{"count":14,"href":"https:\/\/parquetnomade.com\/index.php\/wp-json\/wp\/v2\/pages\/194\/revisions"}],"predecessor-version":[{"id":813,"href":"https:\/\/parquetnomade.com\/index.php\/wp-json\/wp\/v2\/pages\/194\/revisions\/813"}],"wp:attachment":[{"href":"https:\/\/parquetnomade.com\/index.php\/wp-json\/wp\/v2\/media?parent=194"}],"curies":[{"name":"wp","href":"https:\/\/api.w.org\/{rel}","templated":true}]}}