{"id":1748,"date":"2025-02-20T18:53:46","date_gmt":"2025-02-20T17:53:46","guid":{"rendered":"http:\/\/parquetnomade.com\/?page_id=1748"},"modified":"2025-07-09T12:12:21","modified_gmt":"2025-07-09T11:12:21","slug":"de-bal-en-balade","status":"publish","type":"page","link":"https:\/\/parquetnomade.com\/index.php\/de-bal-en-balade\/","title":{"rendered":"de Bal en Balade"},"content":{"rendered":"<p>[vc_row css_animation=\u00a0\u00bb\u00a0\u00bb row_type=\u00a0\u00bbrow\u00a0\u00bb use_row_as_full_screen_section=\u00a0\u00bbno\u00a0\u00bb type=\u00a0\u00bbfull_width\u00a0\u00bb angled_section=\u00a0\u00bbno\u00a0\u00bb text_align=\u00a0\u00bbleft\u00a0\u00bb background_image_as_pattern=\u00a0\u00bbwithout_pattern\u00a0\u00bb background_color=\u00a0\u00bbrgba(244,244,244,0.84)\u00a0\u00bb][vc_column][vc_empty_space height=\u00a0\u00bb26px\u00a0\u00bb][vc_single_image image=\u00a0\u00bb1774&Prime; img_size=\u00a0\u00bbfull\u00a0\u00bb alignment=\u00a0\u00bbcenter\u00a0\u00bb qode_css_animation=\u00a0\u00bb\u00a0\u00bb qode_hover_animation=\u00a0\u00bbzoom_in\u00a0\u00bb][vc_row_inner row_type=\u00a0\u00bbrow\u00a0\u00bb type=\u00a0\u00bbfull_width\u00a0\u00bb text_align=\u00a0\u00bbleft\u00a0\u00bb css_animation=\u00a0\u00bb\u00a0\u00bb][vc_column_inner width=\u00a0\u00bb1\/2&Prime;][vc_empty_space][vc_column_text]http:\/\/parquetnomade.com\/wp-content\/uploads\/2025\/02\/radio.mp3[\/vc_column_text][vc_empty_space]<a  itemprop=\"url\" href=\"http:\/\/parquetnomade.com\/wp-content\/uploads\/2025\/02\/radio.mp3\" target=\"_self\"  class=\"qbutton  default\" style=\"\">\u00e9couter radio Mont Blanc<\/a>[vc_empty_space][vc_gallery interval=\u00a0\u00bb3&Prime; images=\u00a0\u00bb1708,1707,1706,1705,1704&Prime; img_size=\u00a0\u00bbfull\u00a0\u00bb]<a  itemprop=\"url\" href=\"http:\/\/parquetnomade.com\/wp-content\/uploads\/2025\/02\/Billots1.mp3\" target=\"_self\"  class=\"qbutton  default\" style=\"\">\u00e9couter ``les scieurs de long``<\/a>[vc_empty_space][vc_gallery interval=\u00a0\u00bb3&Prime; images=\u00a0\u00bb1703,1709,1710&Prime; img_size=\u00a0\u00bbfull\u00a0\u00bb]<a  itemprop=\"url\" href=\"http:\/\/parquetnomade.com\/wp-content\/uploads\/2025\/02\/Histoire-Emilie.mp3\" target=\"_self\"  class=\"qbutton  default\" style=\"\">\u00e9couter Walace et Winnicot<\/a>[vc_empty_space][vc_empty_space][vc_single_image image=\u00a0\u00bb1711&Prime; img_size=\u00a0\u00bbfull\u00a0\u00bb qode_css_animation=\u00a0\u00bb\u00a0\u00bb][vc_empty_space][vc_single_image image=\u00a0\u00bb1679&Prime; img_size=\u00a0\u00bbfull\u00a0\u00bb qode_css_animation=\u00a0\u00bb\u00a0\u00bb][\/vc_column_inner][vc_column_inner width=\u00a0\u00bb1\/2&Prime;][vc_empty_space height=\u00a0\u00bb100px\u00a0\u00bb][vc_column_text]<\/p>\n<h3>De Bal en Balade:<\/h3>\n<p><strong>\u00a0<\/strong><strong>&#8211; R\u00e9sidence dans le cadre du Dispositif Drac et Unat : l&rsquo;\u00c9t\u00e9 Culturel sept 2024. Auberge de Jeunesse HI <\/strong><strong>Chamonix 3 -16 septembre<\/strong><label id=\"m_6782306799367159248gmail-champ-2363404-label\" for=\"m_6782306799367159248champ-2363404-input\"><\/label><\/p>\n<p><strong><em>Recherche- Cr\u00e9ation-Transmission<\/em><\/strong><\/p>\n<p>Appel \u00e0 participation:<\/p>\n<p>les Amateurs ayant particip\u00e9 aux diff\u00e9rents ateliers sont invit\u00e9s \u00e0 participer aux deux restitutions&#8230;<\/p>\n<div><label id=\"m_6782306799367159248gmail-champ-2363404-label\" for=\"m_6782306799367159248champ-2363404-input\">Il s&rsquo;agit ici de continuer \u00e0 tisser le fil conducteur du travail de recherche de la compagnie, \u00e0 savoir la cr\u00e9ation d&rsquo;espaces artistiques dans lesquels le public est toujours en mouvement, soit par son d\u00e9placement pour aller \u00e0 la rencontre de tableaux vivants (les Impromenades), soit par sa participation \u00e0 la cr\u00e9ation de l&rsquo;oeuvre (Parquet Nomade Project), soit par le l\u00e2cher prise dans sa participation \u00e0 la danse (l&rsquo;Unique Bal Poka\u00efdi). Avec De Bals en Balades, nous proposons d&rsquo;amener du sensible dans le bal puis de se d\u00e9placer vers le dehors afin de faire perdurer la danse collective sur un parcours naturel en invitant les autres r\u00e8gnes comme inspirateurs!<br \/>\nNous envisageons cette r\u00e9sidence comme un temps de recherche autour de ces deux volets artistiques: Le bal et les balades artistiques \u00ab\u00a0\u00e9co-sensibles\u00a0\u00bb et ce dans une approche pluridisciplinaire (Danse, Musique, Land-art ) <\/label><\/div>\n<div><label id=\"m_6782306799367159248gmail-champ-2363404-label\" for=\"m_6782306799367159248champ-2363404-input\">\u00a0<\/label><\/div>\n<div><label id=\"m_6782306799367159248gmail-champ-2363404-label\" for=\"m_6782306799367159248champ-2363404-input\">\u00a0<\/label><\/div>\n<div>\n<p><label id=\"m_6782306799367159248gmail-champ-2363404-label\" for=\"m_6782306799367159248champ-2363404-input\">Nous organiserons cette r\u00e9sidence autour de<\/label><label id=\"m_6782306799367159248gmail-champ-2363404-label\" for=\"m_6782306799367159248champ-2363404-input\"> <strong>trois volets<\/strong> :<\/label><\/p>\n<p><strong>&#8211; une balade participative<\/strong> de type \u00ab\u00a0Impromenade\u00a0\u00bb avec des ateliers de transmission cr\u00e9ation en amont; les b\u00e9n\u00e9ficiaires des ateliers seront invit\u00e9s en tant qu&rsquo;artistes amateurs sur le parcours de la balade;<br \/>\n<strong>&#8211; un bal-concert interactif<\/strong>\u00a0 ( nouvelle cr\u00e9ation, titre en cours ) bal guid\u00e9 permettant de passer des danses traditionnelles au mouvement sensible;<br \/>\n<strong>&#8211; un temps de recherche et de m\u00e9diations<\/strong>, telles que tables rondes, veill\u00e9es festives, collectage en micro trottoirs et \u00a0questionnaires en ligne&#8230;<br \/>\nNotre intention autour de ces th\u00e9matiques crois\u00e9es du bal et des balades \u00e9co-sensibles sera de questionner la notion de permaculture humaine, \u00e0 partir de l&rsquo;exp\u00e9rience de deux projets phare de la compagnie ( \u00ab\u00a0l&rsquo;Unique Bal Pokaidi \u00a0\u00bb et \u00ab\u00a0les Impromenades\u00a0\u00bb) et d&rsquo;actualiser nos gestes artistiques et de cr\u00e9ation au regard de cette r\u00e9flexion.<\/p>\n<p>La compagnie d\u00e9veloppe aujourd&rsquo;hui cette th\u00e9matique \u00a0( bal et balade ) et nous souhaitons faire de cette r\u00e9sidence un temps de recherche approfondie et interactive autour de ces axes. Nous inviterons pour ce faire les publics \u00e0 des temps de rencontres sous les formes suivantes :<\/p>\n<p>&#8211; 4 ateliers de transmission-cr\u00e9ation<br \/>\n&#8211; 1 ou 2 \u00a0ateliers de danse n\u00e9o-traditionnelle<br \/>\n&#8211; \u00a0des temps de m\u00e9diations.<br \/>\n&#8211; 2 temps de restitutions, (un bal-concert et une balade)<\/p>\n<\/div>\n<div>\n<p><strong>L E S \u00a0C O N T E N U S :<\/strong><\/p>\n<p><strong>L E \u00a0B A L :<\/strong><\/p>\n<p>Les ateliers en salle porteront sur :<br \/>\n&#8211; \u00a0les pratiques de danse de bal ( danse en cercle , danse en duo , chants \u00e0 danser etc ) \u00a0ces propositions pourront s&rsquo;alterner avec des excursions dans la nature. ex : faire un bal \u00ab\u00a0sauvage\u00a0\u00bb \u00a0en exterieur, en silence ou accompagn\u00e9 par un chant \u00e0 capella appris par le groupe.<br \/>\n&#8211; \u00ab\u00a0le Sens du Bal\u00a0\u00bb : revisiter les diff\u00e9rents sens du bal populaire au bal contemporain.<\/p>\n<p>Nous questionnerons les moteurs de ce qui nous rassemble, nous met en mouvement au del\u00e0 des codes culturels et sociaux. de ce que signifie faire groupe, faire cercle, faire ronde \u00e0 travers les \u00e2ges et les \u00e9poques, ce qui fait sens commun, ce qui nous met en lien dans un m\u00eame rapport \u00e0 l\u2019espace et au temps.<\/p>\n<p>Nous souhaitons proposer des passerelles entre le bal traditionnel et le bal moderne, \u00a0remettre en lien les jeunes et les anciens et cr\u00e9er des occasions de redonner du sens populaire au fait de danser des formes \u00e9tablies quand bien m\u00eame il s\u2019agirait d\u2019improvisation.<br \/>\n\u00ab\u00a0L\u2019humain se r\u00e9v\u00e8le \u00e0 sa nature profonde quand il s\u2019inscrit dans des g\u00e9om\u00e9tries universelles\u00a0\u00bb.<br \/>\nIl s\u2019agira aussi de retrouver une communication f\u00e9d\u00e9ratrice non verbale, et de s\u2019initier au fameux code du \u00ab\u00a0sens du bal\u00a0\u00bb, qui \u0153uvre \u00e0 garder \u00a0conscience d\u2019une direction \u00e0 suivre collectivement pour ne pas se heurter ni se rentrer dedans. Il s\u2019agit donc bien d\u2019apprendre \u00e0 danser ensemble&#8230;<\/p>\n<p><strong>L A \u00a0B A L A D E :<\/strong><\/p>\n<p>\u00a0\u00bb Notre \u00e9cologie, balade \u00e9co-sensible \u00a0\u00bb<\/p>\n<p>Cette proposition \u00a0concerne tous les milieux sensibles avec une attention particuli\u00e8re port\u00e9e \u00e0 la question de l\u2019eau.\u00a0 Elle contient un volet d\u2019\u00e9criture in situ pouvant \u00eatre r\u00e9pliqu\u00e9 dans \u00a0diff\u00e9rents lieux ainsi qu\u2019un volet adapt\u00e9 uniquement au territoire \u00a0concern\u00e9.<br \/>\nNous souhaitons m\u00ealer les approches po\u00e9tiques, artistiques et \u00a0scientifiques pour amener les publics \u00e0 plonger dans des propositions participatives de sensibilisation \u00e0 la nature par la cr\u00e9ation.\u00a0 Nous postulons que la nature n\u2019est pas ce qui nous environne, \u00a0nous la contenons et en faisons partie int\u00e9gralement ; elle ne peut \u00a0donc \u00eatre dissoci\u00e9e de la culture.<br \/>\nL\u2019expression privil\u00e9gi\u00e9e par la compagnie est l\u2019art chor\u00e9graphique \u00a0soutenue par une d\u00e9marche pluridisciplinaire destin\u00e9e \u00e0 faire se \u00a0croiser les arts et les approches naturalistes Land- art et la cr\u00e9ation \u00a0sonore et musicale.<br \/>\nCe volet \u201cNotre \u00e9cologie\u201d, \u00e0 g\u00e9om\u00e9trie variable, est port\u00e9 par la \u00a0compagnie du Parquet Nomade et inspir\u00e9 par plusieurs ann\u00e9es de \u00a0cr\u00e9ations in situ et de m\u00e9diation culturelle sur des projets de territoire.<\/p>\n<p>Ce sera l&rsquo;occasion de poursuivre l&rsquo;\u00e9criture sonore et \u00a0l&rsquo;\u00e9criture dramaturgique d&rsquo;un nouveau projet de cr\u00e9ation de concert -bal -participatif ( les amateurs participants aux ateliers sont invit\u00e9 \u00e0 nous rejoindre pour le spectacle) sur la th\u00e9matique de l\u2019\u00e9veil \u00e0 la nature, de l\u2019\u00e9cologie de soi (comment prendre soin de soi individuellement et collectivement pour porter plus d&rsquo;attention \u00e0 la nature)<\/p>\n<\/div>\n<h2><\/h2>\n<p><strong>Objectifs<\/strong> :<\/p>\n<p>Comment \u00a0les enjeux \u00e9cologiques de notre \u00e9poque impactent-ils notre relation \u00a0au monde? \u00a0 Nous souhaitons amener les publics \u00e0 un voyage questionnant nos mani\u00e8res de faire corps individuellement et collectivement . Passer du dedans au dehors et vice et versa afin d&rsquo;appr\u00e9hender l&rsquo;environnement naturel et notre nature humaine comme un \u00a0tout indissociable.\u00a0 Une d\u00e9marche artistique \u00e0 vis\u00e9e \u00e9ducative , r\u00e9v\u00e9latrice des enjeux de notre soci\u00e9t\u00e9 contemporaine.<\/p>\n<p>D&rsquo;une part nous allons profiter de ce temps d&rsquo;immersion dans une r\u00e9gion o\u00f9 les enjeux \u00e9cologiques sont importants pour repr\u00e9ciser et questionner la notion de cr\u00e9ations artistiques \u00e9co-sensibles ainsi que le lien entre cr\u00e9ation artistique et \u00e9cologie. le fait d&rsquo;\u00eatre en lien avec des publics ( transmission, m\u00e9diation ) est un atout fondamental pour l&rsquo;approche participative que nous d\u00e9veloppons depuis plusieurs ann\u00e9es .<\/p>\n<p>Parall\u00e8lement \u00e0 l&rsquo;approche environnementale et aux plong\u00e9es en milieu naturel nous aimerions aborder la notion d&rsquo;\u00e9cologie de soi, ou \u00ab\u00a0permaculture humaine\u00a0\u00bb dans le cas d&rsquo;une forme artistique plus \u00a0\u00bb traditionnelle\u00a0\u00bb comme le bal, qu&rsquo;est ce que cel\u00e0 soul\u00e8ve comme \u00e9volution .? autant sur le plan de la d\u00e9marche de cr\u00e9ation des artistes que sur la forme du \u00ab\u00a0spectacle\u00a0\u00bb.[\/vc_column_text][vc_empty_space height=\u00a0\u00bb70px\u00a0\u00bb][vc_empty_space][vc_empty_space][\/vc_column_inner][vc_column_inner][\/vc_column_inner][\/vc_row_inner][vc_column_text]<\/p>\n<div><b>Distribution et remerciements<\/b><\/div>\n<div><u>\u00a0<\/u><\/div>\n<div><b>Artistes associ\u00e9s et invit\u00e9s de la Cie:<u><br \/>\n<\/u><\/b><\/div>\n<div><u>\u00a0<\/u><\/div>\n<div><b>Pour\u00a0 la balade :<\/b><\/div>\n<div>Chor\u00e9graphies, p\u00e9dagogie et mise en sc\u00e8ne: Marion Michel ( Cie PN)<\/div>\n<div>Composition musicale et cr\u00e9ation sonore in situ: Christine Spraul (Cie PN)<\/div>\n<div>Dessins au sol, visuels de communication:Alain Royer ( Cie PN)<\/div>\n<div>La robe de la danse serpentine de Lo\u00efe Fuller \u00e9tait port\u00e9e et dans\u00e9e par Emilie Paquien.<\/div>\n<div><b>Sources sonores:<\/b><\/div>\n<div>Enregistrement sur site ( sons ambiants- interview E.Paquien)<\/div>\n<div>Actualit\u00e9s de 1938: les scieurs de Long..<\/div>\n<div>cr\u00e9ation d&rsquo;une \u00e9mission fictive de radio mont-blanc; Jeu et texte :Marion Michel<\/div>\n<div><b>Pour le bal :<\/b><\/div>\n<div>Christine Spraul: composition chant et arrangements. Cavaquino, percussions<\/div>\n<div>Marion Michel: chant, transmission des danses. basse au pied et ukulele.<\/div>\n<div>\u00a0La cie remercie Mathilde et toute l&rsquo;\u00e9quipe de l&rsquo;auberge Hi de Chamonix pour l&rsquo;accueil chaleureux durant tout le s\u00e9jour. Merci \u00e0 Max ( technicien son) merci aux participants qui ont plong\u00e9 dans l&rsquo;aventure.<\/div>\n<div><\/div>\n<p>[\/vc_column_text][\/vc_column][\/vc_row][vc_row css_animation=\u00a0\u00bb\u00a0\u00bb row_type=\u00a0\u00bbrow\u00a0\u00bb use_row_as_full_screen_section=\u00a0\u00bbno\u00a0\u00bb type=\u00a0\u00bbfull_width\u00a0\u00bb angled_section=\u00a0\u00bbno\u00a0\u00bb text_align=\u00a0\u00bbleft\u00a0\u00bb background_image_as_pattern=\u00a0\u00bbwithout_pattern\u00a0\u00bb][vc_column][vc_empty_space height=\u00a0\u00bb60px\u00a0\u00bb][\/vc_column][\/vc_row][vc_row css_animation=\u00a0\u00bb\u00a0\u00bb row_type=\u00a0\u00bbrow\u00a0\u00bb use_row_as_full_screen_section=\u00a0\u00bbno\u00a0\u00bb type=\u00a0\u00bbfull_width\u00a0\u00bb angled_section=\u00a0\u00bbno\u00a0\u00bb text_align=\u00a0\u00bbleft\u00a0\u00bb background_image_as_pattern=\u00a0\u00bbwithout_pattern\u00a0\u00bb][vc_column][\/vc_column][\/vc_row][vc_row css_animation=\u00a0\u00bb\u00a0\u00bb row_type=\u00a0\u00bbrow\u00a0\u00bb use_row_as_full_screen_section=\u00a0\u00bbno\u00a0\u00bb type=\u00a0\u00bbfull_width\u00a0\u00bb angled_section=\u00a0\u00bbno\u00a0\u00bb text_align=\u00a0\u00bbleft\u00a0\u00bb background_image_as_pattern=\u00a0\u00bbwithout_pattern\u00a0\u00bb][vc_column][\/vc_column][\/vc_row][vc_row css_animation=\u00a0\u00bb\u00a0\u00bb row_type=\u00a0\u00bbrow\u00a0\u00bb use_row_as_full_screen_section=\u00a0\u00bbno\u00a0\u00bb type=\u00a0\u00bbfull_width\u00a0\u00bb angled_section=\u00a0\u00bbno\u00a0\u00bb text_align=\u00a0\u00bbleft\u00a0\u00bb background_image_as_pattern=\u00a0\u00bbwithout_pattern\u00a0\u00bb][vc_column][\/vc_column][\/vc_row]<\/p>\n","protected":false},"excerpt":{"rendered":"<p>[vc_row css_animation=\u00a0\u00bb\u00a0\u00bb row_type=\u00a0\u00bbrow\u00a0\u00bb use_row_as_full_screen_section=\u00a0\u00bbno\u00a0\u00bb type=\u00a0\u00bbfull_width\u00a0\u00bb angled_section=\u00a0\u00bbno\u00a0\u00bb text_align=\u00a0\u00bbleft\u00a0\u00bb background_image_as_pattern=\u00a0\u00bbwithout_pattern\u00a0\u00bb background_color=\u00a0\u00bbrgba(244,244,244,0.84)\u00a0\u00bb][vc_column][vc_empty_space height=\u00a0\u00bb26px\u00a0\u00bb][vc_single_image image=\u00a0\u00bb1774&Prime; img_size=\u00a0\u00bbfull\u00a0\u00bb alignment=\u00a0\u00bbcenter\u00a0\u00bb qode_css_animation=\u00a0\u00bb\u00a0\u00bb qode_hover_animation=\u00a0\u00bbzoom_in\u00a0\u00bb][vc_row_inner row_type=\u00a0\u00bbrow\u00a0\u00bb type=\u00a0\u00bbfull_width\u00a0\u00bb text_align=\u00a0\u00bbleft\u00a0\u00bb css_animation=\u00a0\u00bb\u00a0\u00bb][vc_column_inner width=\u00a0\u00bb1\/2&Prime;][vc_empty_space][vc_column_text]http:\/\/parquetnomade.com\/wp-content\/uploads\/2025\/02\/radio.mp3[\/vc_column_text][vc_empty_space][vc_empty_space][vc_gallery&#8230;<\/p>\n","protected":false},"author":1,"featured_media":0,"parent":0,"menu_order":0,"comment_status":"closed","ping_status":"closed","template":"","meta":{"footnotes":""},"class_list":["post-1748","page","type-page","status-publish","hentry"],"_links":{"self":[{"href":"https:\/\/parquetnomade.com\/index.php\/wp-json\/wp\/v2\/pages\/1748","targetHints":{"allow":["GET"]}}],"collection":[{"href":"https:\/\/parquetnomade.com\/index.php\/wp-json\/wp\/v2\/pages"}],"about":[{"href":"https:\/\/parquetnomade.com\/index.php\/wp-json\/wp\/v2\/types\/page"}],"author":[{"embeddable":true,"href":"https:\/\/parquetnomade.com\/index.php\/wp-json\/wp\/v2\/users\/1"}],"replies":[{"embeddable":true,"href":"https:\/\/parquetnomade.com\/index.php\/wp-json\/wp\/v2\/comments?post=1748"}],"version-history":[{"count":28,"href":"https:\/\/parquetnomade.com\/index.php\/wp-json\/wp\/v2\/pages\/1748\/revisions"}],"predecessor-version":[{"id":1899,"href":"https:\/\/parquetnomade.com\/index.php\/wp-json\/wp\/v2\/pages\/1748\/revisions\/1899"}],"wp:attachment":[{"href":"https:\/\/parquetnomade.com\/index.php\/wp-json\/wp\/v2\/media?parent=1748"}],"curies":[{"name":"wp","href":"https:\/\/api.w.org\/{rel}","templated":true}]}}