{"id":1282,"date":"2019-05-24T15:07:46","date_gmt":"2019-05-24T14:07:46","guid":{"rendered":"http:\/\/parquetnomade.com\/?page_id=1282"},"modified":"2024-07-28T18:26:10","modified_gmt":"2024-07-28T17:26:10","slug":"impromenades","status":"publish","type":"page","link":"https:\/\/parquetnomade.com\/index.php\/impromenades\/","title":{"rendered":"Les Impromenades"},"content":{"rendered":"<p>[vc_row css_animation=\u00a0\u00bb\u00a0\u00bb row_type=\u00a0\u00bbrow\u00a0\u00bb use_row_as_full_screen_section=\u00a0\u00bbno\u00a0\u00bb type=\u00a0\u00bbfull_width\u00a0\u00bb angled_section=\u00a0\u00bbno\u00a0\u00bb text_align=\u00a0\u00bbleft\u00a0\u00bb background_image_as_pattern=\u00a0\u00bbwithout_pattern\u00a0\u00bb background_color=\u00a0\u00bbrgba(244,244,244,0.84)\u00a0\u00bb][vc_column][vc_empty_space height=\u00a0\u00bb26px\u00a0\u00bb][vc_single_image image=\u00a0\u00bb1283&Prime; img_size=\u00a0\u00bbfull\u00a0\u00bb alignment=\u00a0\u00bbcenter\u00a0\u00bb qode_css_animation=\u00a0\u00bb\u00a0\u00bb qode_hover_animation=\u00a0\u00bbzoom_in\u00a0\u00bb][vc_row_inner row_type=\u00a0\u00bbrow\u00a0\u00bb type=\u00a0\u00bbfull_width\u00a0\u00bb text_align=\u00a0\u00bbleft\u00a0\u00bb css_animation=\u00a0\u00bb\u00a0\u00bb][vc_column_inner width=\u00a0\u00bb1\/2&Prime;][vc_empty_space][vc_video link=\u00a0\u00bbhttps:\/\/vimeo.com\/362240256&Prime;][vc_empty_space background_image=\u00a0\u00bb1657&Prime; image_repeat=\u00a0\u00bbno-repeat\u00a0\u00bb][vc_video link=\u00a0\u00bbhttps:\/\/vimeo.com\/713323070&Prime;][vc_empty_space background_image=\u00a0\u00bb1657&Prime; image_repeat=\u00a0\u00bbno-repeat\u00a0\u00bb][vc_empty_space][vc_single_image image=\u00a0\u00bb1284&Prime; img_size=\u00a0\u00bbfull\u00a0\u00bb qode_css_animation=\u00a0\u00bb\u00a0\u00bb][vc_empty_space][vc_single_image image=\u00a0\u00bb1657&Prime; img_size=\u00a0\u00bbfull\u00a0\u00bb qode_css_animation=\u00a0\u00bb\u00a0\u00bb][vc_empty_space][vc_single_image image=\u00a0\u00bb1285&Prime; img_size=\u00a0\u00bbfull\u00a0\u00bb qode_css_animation=\u00a0\u00bb\u00a0\u00bb][vc_empty_space][vc_single_image image=\u00a0\u00bb1286&Prime; img_size=\u00a0\u00bbfull\u00a0\u00bb qode_css_animation=\u00a0\u00bb\u00a0\u00bb][vc_empty_space][vc_single_image image=\u00a0\u00bb1291&Prime; img_size=\u00a0\u00bbfull\u00a0\u00bb qode_css_animation=\u00a0\u00bb\u00a0\u00bb][vc_empty_space][vc_single_image image=\u00a0\u00bb1651&Prime; img_size=\u00a0\u00bbfull\u00a0\u00bb qode_css_animation=\u00a0\u00bb\u00a0\u00bb][vc_empty_space][vc_gallery interval=\u00a0\u00bb3&Prime; images=\u00a0\u00bb1314,1306,1315,1316,1313,1307,1305&Prime;][\/vc_column_inner][vc_column_inner width=\u00a0\u00bb1\/2&Prime;][vc_empty_space height=\u00a0\u00bb100px\u00a0\u00bb][vc_column_text]<span class='q_dropcap normal' style=' color: #d22b0a;font-size: 80px;'><strong>L<\/strong><\/span><\/p>\n<p>es Impromenades sont des parcours invitant le \u00ab\u00a0spectacteur\u00a0\u00bb \u00e0 d\u00e9couvrir des cr\u00e9ations in situ, sur mesure, guid\u00e9s par des artistes professionnels de l&rsquo;improvisation, tour \u00e0 tour danseurs, musiciens, circassiens, plasticiens, clowns, po\u00e8tes, scientifiques&#8230;<\/p>\n<p>Le public est amen\u00e9 \u00e0 participer et plonge dans l&rsquo;aventure le temps d&rsquo;une balade, il d\u00e9couvre ainsi un environnement connu ou nouveau sous un autre jour.<\/p>\n<p>&nbsp;<\/p>\n<p>La balade s&rsquo;articule entre 3 axes :<\/p>\n<ul>\n<li><strong>Marche accompagn\u00e9e<\/strong> (visite guid\u00e9e, balade ou randonn\u00e9e )<\/li>\n<li><strong>Participation immersive et sensorielle<\/strong> : \u00c9coute de l\u2019espace sonore, contemplation, marches et assises yeux band\u00e9s ou contemplation allong\u00e9, invitation changer de point de vue, de points d&rsquo;appuis, de perception du mouvement, la marche devient danse&#8230;)<\/li>\n<li><strong>Performances improvis\u00e9es<\/strong> en solo, duo ou plus&#8230; Tableaux po\u00e9tiques ou d\u00e9cal\u00e9s, dr\u00f4les, surr\u00e9alistes.<\/li>\n<\/ul>\n<p>&nbsp;<\/p>\n<p>Les Impromenades sont tout terrain, s&rsquo;adaptent \u00e0 tout types de d\u00e9cors, parcs, jardins, friches urbaines, mus\u00e9es, expositions&#8230;<\/p>\n<p>La dur\u00e9es est variables selon la g\u00e9om\u00e9trie du lieu et de l&rsquo;\u00e9quipe de 30 min \u00e0 3h..<\/p>\n<p>Des Rep\u00e9rages en amont et des temps de cr\u00e9ations sont \u00e0 pr\u00e9voir.<\/p>\n<p>Les impromenades peuvent s&rsquo;inscrire dans des projets de cr\u00e9ations-transmissions ouverts au public amateur.[\/vc_column_text][vc_empty_space][vc_single_image image=\u00a0\u00bb1287&Prime; img_size=\u00a0\u00bbfull\u00a0\u00bb qode_css_animation=\u00a0\u00bb\u00a0\u00bb][vc_empty_space][vc_single_image image=\u00a0\u00bb1312&Prime; img_size=\u00a0\u00bbFull\u00a0\u00bb qode_css_animation=\u00a0\u00bb\u00a0\u00bb][vc_empty_space][vc_column_text]<\/p>\n<h3>Partenaires :<\/h3>\n<p>Production Parquet Nomade -partenaires: Ad Concept &#8211; PNR des Baronnies Proven\u00e7ales, D\u00e9partement de la Dr\u00f4me, Grandeur Nature, Parc de Lorient \u00e0 Mont\u00e9l\u00e9ger.Th\u00e9\u00e2tre de Pierre ( Fouzhillon 34). Ville d&rsquo;Evian( R\u00e9compensa). \u00ab\u00a0Parcours vers la mer\u00a0\u00bb (Niort)<\/p>\n<p>&nbsp;<\/p>\n<h3>Prochaines dates :<\/h3>\n<p>&nbsp;<\/p>\n<h3>Dates Pass\u00e9es :<\/h3>\n<p>Aout 2022 : Goudargue; version all\u00e9g\u00e9e pour le festival la good VibeJuillet 2022 : Niort\u00a0 version all\u00e9g\u00e9e pour \u00ab\u00a0Parcours vers la mer\u00a0\u00bb<\/p>\n<p>Octobre 2020: Evian<\/p>\n<p>Septembre 2020: Th\u00e9atre de Verdure \u00e0 Fouzhillon<\/p>\n<p>20 et 21\/07\/2019 : Saint L\u00e9ger du Ventoux. Festival Ventoux Grandeur Nature.<\/p>\n<p>du 15 au 19\/07\/2019 :\u00a0Master class + restitution danse in situ.<\/p>\n<p>Dans le cadre de l&rsquo;exposition Land Art Grandeur Nature \/\/<\/p>\n<p>&nbsp;<\/p>\n<p>20\/07\/2019: Jardin Singulier( Saint l\u00e9ger du Ventoux 84)<\/p>\n<p>25\/05\/2019 : Parc de Lorient (Mont\u00e9l\u00e9ger 26)<\/p>\n<p>05\/05\/2019 : Montbrun les Bains (AliceS au Pays des Baronnies) r\u00e9sidence Art et territoire<\/p>\n<p>01\/05\/2019 : Venterol (26)\/ La Cigale\u00a0(AliceS au Pays des Baronnies) r\u00e9sidence Art et t\u00e9rritoire<\/p>\n<p>28\/07\/2018 : Savoillans (84) dans le cadre du projet \u00ab\u00a0Corps Paysages\u00a0\u00bb et du sentier exposition Land Art Grandeur nature[\/vc_column_text][vc_empty_space height=\u00a0\u00bb70px\u00a0\u00bb][\/vc_column_inner][\/vc_row_inner][\/vc_column][\/vc_row][vc_row css_animation=\u00a0\u00bb\u00a0\u00bb row_type=\u00a0\u00bbrow\u00a0\u00bb use_row_as_full_screen_section=\u00a0\u00bbno\u00a0\u00bb type=\u00a0\u00bbfull_width\u00a0\u00bb angled_section=\u00a0\u00bbno\u00a0\u00bb text_align=\u00a0\u00bbleft\u00a0\u00bb background_image_as_pattern=\u00a0\u00bbwithout_pattern\u00a0\u00bb][vc_column][vc_empty_space height=\u00a0\u00bb60px\u00a0\u00bb][\/vc_column][\/vc_row]<\/p>\n","protected":false},"excerpt":{"rendered":"<p>[vc_row css_animation=\u00a0\u00bb\u00a0\u00bb row_type=\u00a0\u00bbrow\u00a0\u00bb use_row_as_full_screen_section=\u00a0\u00bbno\u00a0\u00bb type=\u00a0\u00bbfull_width\u00a0\u00bb angled_section=\u00a0\u00bbno\u00a0\u00bb text_align=\u00a0\u00bbleft\u00a0\u00bb background_image_as_pattern=\u00a0\u00bbwithout_pattern\u00a0\u00bb background_color=\u00a0\u00bbrgba(244,244,244,0.84)\u00a0\u00bb][vc_column][vc_empty_space height=\u00a0\u00bb26px\u00a0\u00bb][vc_single_image image=\u00a0\u00bb1283&Prime; img_size=\u00a0\u00bbfull\u00a0\u00bb alignment=\u00a0\u00bbcenter\u00a0\u00bb qode_css_animation=\u00a0\u00bb\u00a0\u00bb qode_hover_animation=\u00a0\u00bbzoom_in\u00a0\u00bb][vc_row_inner row_type=\u00a0\u00bbrow\u00a0\u00bb type=\u00a0\u00bbfull_width\u00a0\u00bb text_align=\u00a0\u00bbleft\u00a0\u00bb css_animation=\u00a0\u00bb\u00a0\u00bb][vc_column_inner width=\u00a0\u00bb1\/2&Prime;][vc_empty_space][vc_video&#8230;<\/p>\n","protected":false},"author":2,"featured_media":0,"parent":0,"menu_order":0,"comment_status":"closed","ping_status":"closed","template":"","meta":{"footnotes":""},"class_list":["post-1282","page","type-page","status-publish","hentry"],"_links":{"self":[{"href":"https:\/\/parquetnomade.com\/index.php\/wp-json\/wp\/v2\/pages\/1282","targetHints":{"allow":["GET"]}}],"collection":[{"href":"https:\/\/parquetnomade.com\/index.php\/wp-json\/wp\/v2\/pages"}],"about":[{"href":"https:\/\/parquetnomade.com\/index.php\/wp-json\/wp\/v2\/types\/page"}],"author":[{"embeddable":true,"href":"https:\/\/parquetnomade.com\/index.php\/wp-json\/wp\/v2\/users\/2"}],"replies":[{"embeddable":true,"href":"https:\/\/parquetnomade.com\/index.php\/wp-json\/wp\/v2\/comments?post=1282"}],"version-history":[{"count":21,"href":"https:\/\/parquetnomade.com\/index.php\/wp-json\/wp\/v2\/pages\/1282\/revisions"}],"predecessor-version":[{"id":1349,"href":"https:\/\/parquetnomade.com\/index.php\/wp-json\/wp\/v2\/pages\/1282\/revisions\/1349"}],"wp:attachment":[{"href":"https:\/\/parquetnomade.com\/index.php\/wp-json\/wp\/v2\/media?parent=1282"}],"curies":[{"name":"wp","href":"https:\/\/api.w.org\/{rel}","templated":true}]}}