{"id":1084,"date":"2019-03-07T17:25:54","date_gmt":"2019-03-07T16:25:54","guid":{"rendered":"http:\/\/parquetnomade.com\/?page_id=1084"},"modified":"2025-02-20T19:36:09","modified_gmt":"2025-02-20T18:36:09","slug":"alices-au-pays-des-baronnies","status":"publish","type":"page","link":"https:\/\/parquetnomade.com\/index.php\/alices-au-pays-des-baronnies\/","title":{"rendered":"AliceS au pays des Baronnies"},"content":{"rendered":"<p>[vc_row css_animation=\u00a0\u00bb\u00a0\u00bb row_type=\u00a0\u00bbrow\u00a0\u00bb use_row_as_full_screen_section=\u00a0\u00bbno\u00a0\u00bb type=\u00a0\u00bbfull_width\u00a0\u00bb angled_section=\u00a0\u00bbno\u00a0\u00bb text_align=\u00a0\u00bbleft\u00a0\u00bb background_image_as_pattern=\u00a0\u00bbwithout_pattern\u00a0\u00bb background_color=\u00a0\u00bbrgba(244,244,244,0.84)\u00a0\u00bb][vc_column][vc_empty_space height=\u00a0\u00bb26px\u00a0\u00bb][vc_single_image image=\u00a0\u00bb1085&Prime; img_size=\u00a0\u00bbfull\u00a0\u00bb alignment=\u00a0\u00bbcenter\u00a0\u00bb qode_css_animation=\u00a0\u00bb\u00a0\u00bb qode_hover_animation=\u00a0\u00bbzoom_in\u00a0\u00bb][vc_row_inner row_type=\u00a0\u00bbrow\u00a0\u00bb type=\u00a0\u00bbfull_width\u00a0\u00bb text_align=\u00a0\u00bbleft\u00a0\u00bb css_animation=\u00a0\u00bb\u00a0\u00bb][vc_column_inner width=\u00a0\u00bb1\/2&Prime;][vc_empty_space][vc_video link=\u00a0\u00bbhttps:\/\/www.youtube.com\/watch?v=iY2onmoo_nI&amp;feature=youtu.be\u00a0\u00bb][vc_empty_space][vc_video link=\u00a0\u00bbhttps:\/\/vimeo.com\/392750622&Prime;][vc_empty_space][vc_video link=\u00a0\u00bbhttps:\/\/vimeo.com\/360625135&Prime;][vc_empty_space][vc_video link=\u00a0\u00bbhttps:\/\/youtu.be\/R4G0hpCntl0&Prime;][vc_empty_space][vc_single_image image=\u00a0\u00bb1086&Prime; img_size=\u00a0\u00bbfull\u00a0\u00bb qode_css_animation=\u00a0\u00bb\u00a0\u00bb][vc_empty_space][vc_single_image image=\u00a0\u00bb1134&Prime; img_size=\u00a0\u00bbfull\u00a0\u00bb qode_css_animation=\u00a0\u00bb\u00a0\u00bb][vc_empty_space][vc_single_image image=\u00a0\u00bb1163&Prime; img_size=\u00a0\u00bbfull\u00a0\u00bb qode_css_animation=\u00a0\u00bb\u00a0\u00bb][vc_empty_space][vc_single_image image=\u00a0\u00bb1171&Prime; img_size=\u00a0\u00bbfull\u00a0\u00bb qode_css_animation=\u00a0\u00bb\u00a0\u00bb][vc_empty_space][vc_gallery interval=\u00a0\u00bb3&Prime; images=\u00a0\u00bb1305,1306,1359,1330,1331,1329,1328,1326&Prime;][\/vc_column_inner][vc_column_inner width=\u00a0\u00bb1\/2&Prime;][vc_empty_space][vc_column_text]<em><strong>R\u00e9sidence \u00ab\u00a0Art et Territoire\u00a0\u00bb<\/strong><\/em><\/p>\n<p><em><strong>Une premi\u00e8re saison en Dr\u00f4me proven\u00e7ale.<\/strong><\/em>[\/vc_column_text][vc_empty_space][vc_column_text]<span class='q_dropcap normal' style=' color: #d22b0a;font-size: 80px;'>L<\/span><\/p>\n<p><strong>La compagnie du Parquet nomade est invit\u00e9e pour une r\u00e9sidence d&rsquo;une ann\u00e9e en Dr\u00f4me Proven\u00e7ale. <\/strong><\/p>\n<p><strong>Une saison pour proposer aux habitants ateliers, sc\u00e8nes, spectacles gratuits et ouverts \u00e0 tous sous la direction artistique de Marion Michel et Christine Spraul.<\/strong>[\/vc_column_text][vc_empty_space][vc_column_text]<span class='highlight' style='color: ; background-color:#d22b0a;'><em><strong>Un challenge de taille : escorter les acteurs, artistes et habitants du territoire dans une dynamique \u00e0 moyen terme !<\/strong><\/em><\/span>[\/vc_column_text][vc_empty_space][vc_column_text]<em>Un travail collectif sur le terrain men\u00e9 avec plus de 20 partenaires la premi\u00e8re ann\u00e9e et financ\u00e9 dans le cadre des\u00a0<a href=\"http:\/\/www.culturecommunication.gouv.fr\/Regions\/Drac-Occitanie\/Action-culturelle-et-territoriale\/Education-artistique-et-culturelle\" target=\"_blank\" rel=\"noopener\">Conventions Territoriales d\u2019\u00c9ducation Artistique et Culturelle.<\/a><\/em>[\/vc_column_text][vc_empty_space height=\u00a0\u00bb64px\u00a0\u00bb][vc_column_text]<strong>Compagnie en r\u00e9sidence &amp; Direction artistique :<\/strong>\u00a0Compagnie du Parquet Nomade (Marion Michel &amp; Christine Spraul)<\/p>\n<p><strong>Performeurs de la compagnie pour le lancement :<\/strong> Maud Ronovsky, Cl\u00e9o Laigret, Alessandro Franceschelli, B\u00e9reng\u00e9re Michel, David Bougnot<\/p>\n<p><strong>Op\u00e9rateur local :<\/strong>\u00a0Communaut\u00e9 de communes des Baronnies en Dr\u00f4me Proven\u00e7ale<br \/>\n<strong>Coordination :<\/strong>\u00a0Elsa Groulade (CCBDP)<\/p>\n<p><strong>Artistes associ\u00e9s pour la saison :<br \/>\n<\/strong><\/p>\n<p><strong>Musicienne : <\/strong>Swannie Galinier<\/p>\n<p><strong>Danseuse et chor\u00e9graphe :<\/strong> Ambre Lavignac<\/p>\n<p><strong>Vid\u00e9aste :<\/strong> C\u00e9cile Belfort<\/p>\n<p><strong>Plasticiens \/Land Art :<\/strong> Didier Boisgard et AD Concept<\/p>\n<p><strong>Production compagnie :<\/strong>\u00a0 PN. Fil de Soie.<\/p>\n<p>&nbsp;<\/p>\n<p>[\/vc_column_text][vc_empty_space][vc_column_text]<\/p>\n<h3>Premi\u00e8res dates :<\/h3>\n<p>&nbsp;<\/p>\n<p>&#8211; 19\/20\/21 octobre 2018 Lancement : Nyons, Buis les baronnies, Montbrun les Bains.<\/p>\n<p>&#8211; 27 Janvier 2019 : Buis les Baronnies, F\u00eate de la Fraternit\u00e9.<\/p>\n<p>&#8211; 21 Janvier et 3 f\u00e9vrier : Atelier de transmission Buis les baronnies.<\/p>\n<p>&#8211; 18 et 19 janvier 2019 : M\u00e9diath\u00e8que de Nyons.<\/p>\n<p>&#8211; 3 f\u00e9vrier\u00a0 Arpavon : Atelier de transmission et Ap\u00e9ro Spectacle.[\/vc_column_text][vc_empty_space height=\u00a0\u00bb40px\u00a0\u00bb][vc_column_text]<\/p>\n<h3>Transmission-cr\u00e9ation :<\/h3>\n<p>&nbsp;<\/p>\n<p><em>Dans le cadre de la r\u00e9sidence \u00ab\u00a0Art et Territoire\u00a0\u00bb port\u00e9e sur une ann\u00e9e dans la communaut\u00e9 de communes des Baronnies en Dr\u00f4me proven\u00e7ale.<\/em><\/p>\n<p>&nbsp;<\/p>\n<p>\u00c0 l\u2019instar d\u2019Alice au pays des merveilles, nous avons imagin\u00e9 une ann\u00e9e faite de rencontres avec des lieux, des personnes sur ce territoire inconnu et \u00e0 d\u00e9couvrir&#8230;<\/p>\n<p>Notre envie fut de construire un projet au pr\u00e9sent et in situ plut\u00f4t que de proposer une formule \u00abclef en main\u00bb ; telle Alice qui ferme les yeux et se mets \u00e0 r\u00eaver le monde autour d\u2019elle, nous voulions arriver avec des yeux et des oreilles tout neufs sans rien d\u2019autre que notre cr\u00e9ativit\u00e9 \u00e0 partager \u00e0 la mani\u00e8re de Lewis Caroll lorsqu&rsquo;il \u00e9crivit son fameux livre, contant des histoires spontan\u00e9ment au bord de l\u2019eau\u00a0! Ainsi, nous souhaitons \u00e9crire AliceS aux pays des Baronnies en rencontrant les gens d\u2019ici !<\/p>\n<p>&nbsp;<\/p>\n<p>AliceS , avec un S car AliceS est plurielle&#8230; Ce sont \u00e0 la foi toutes les personnes rencontr\u00e9es et pr\u00eates \u00e0 participer \u00e0 l\u2019aventure mais ce sont aussi tous les chemins arpent\u00e9s depuis le d\u00e9but du voyage, AliceS c\u2019est toi, moi nous, vous et puisqu\u2019il s\u2019agit de chemin, la finalit\u00e9 de l\u2019aventure (si tant est qu\u2019il y ait une fin \u00e0 l\u2019aventure..) \u00a0sera donc pour cette premi\u00e8re ann\u00e9e un parcours artistique guid\u00e9 entre la \u00ab\u00a0randonn\u00e9e musicale\u00a0\u00bb et la \u00ab\u00a0ballade chor\u00e9graphique\u00a0\u00bb anim\u00e9e par des clowns, des po\u00e8tes, des AliceS amateures et professionnelles qui auront retrouv\u00e9 leurs r\u00eaves d\u2019enfants et les m\u00ealeront \u00e0 la r\u00e9alit\u00e9\u2026[\/vc_column_text][vc_empty_space height=\u00a0\u00bb40px\u00a0\u00bb][vc_column_text]<\/p>\n<h3>Nos objectifs :<\/h3>\n<p>&nbsp;<\/p>\n<p>&#8211; Favoriser l\u2019instant et la rencontre plus que le r\u00e9sultat.<\/p>\n<p>&#8211; Faire avec et non pas pour.<\/p>\n<p>&#8211; Cr\u00e9er du lien social entre habitants des diff\u00e9rentes vall\u00e9es.<\/p>\n<p>&#8211; Cr\u00e9er du lien entre habitants et environnement.<\/p>\n<p>&#8211; Transmettre un geste artistique cr\u00e9atif plurisdiciplinaire.<\/p>\n<p>&#8211; Donner \u00e0 voir des formes artistiques peu diffus\u00e9es dans les campagnes ( par exemple la musique contextuelle et la danse post moderne).[\/vc_column_text][vc_empty_space height=\u00a0\u00bb40px\u00a0\u00bb][vc_column_text]<\/p>\n<h3>AliceS au pays des Baronnies c\u2019est :<\/h3>\n<p>&nbsp;<\/p>\n<p>&#8211; Une ann\u00e9e de rencontres sur le Territoires avec ; des artistes locaux, des associations, des publics\u2026<\/p>\n<p>&#8211; Des spectacles participatifs associ\u00e9s \u00e0 des \u00e9v\u00e9nements locaux<\/p>\n<p>&#8211; Des ateliers de transmissions associ\u00e9s \u00e0 des structures associatives \u00a0et culturelles<\/p>\n<p>&#8211; Des ateliers de transmission dans des \u00e9coles .<\/p>\n<p>&#8211; Trois temps forts de restitutions sous forme de \u00ab\u00a0parcours \u00e0\u00a0r\u00eaver\u00a0\u00bb[\/vc_column_text][vc_empty_space height=\u00a0\u00bb70px\u00a0\u00bb][vc_column_text]<\/p>\n<h3>Partenaires :<\/h3>\n<p>&nbsp;<\/p>\n<p>PRODUCTION D\u00c9L\u00c9GU\u00c9E\u00a0|\u00a0Cie Parquet Nomade<\/p>\n<p>ACTEURS ET PARTENAIRES DU TERRITOIRE :<\/p>\n<p>|\u00a0Le Minist\u00e8re de l\u2019\u00c9ducation Nationale, de l\u2019Enseignement sup\u00e9rieur et de la Recherche<\/p>\n<p>| NYONS : La Mairie, Association la Cigale, le Comit\u00e9 des F\u00eates, le Centre de loisirs intercommunal du Val d\u2019Eygues, le Carrefour des habitants, la M\u00e9diath\u00e8que d\u00e9partementale de la Dr\u00f4me Proven\u00e7ale ;<\/p>\n<p>| BUIS -LES -BARONNIES : l\u2019Association Familiale des Baronnies, le Foyer Demontais,L\u2019hopital de Buis. La f\u00eate de la fraternit\u00e9. La Plateforme C.A.R.D.A.V. L\u2019association des paysanneries d\u2019automne. Association Le Atelier. Lieu d&rsquo;accueil d&rsquo;urgence Intervalle, C.C.A.S.<\/p>\n<p>| LES PILLES : Festival Pilles Sous les \u00c9toiles, Ensemble Ici, RadiO\u2019live<\/p>\n<p>| ARPAVON : l\u2019association culturelle de la vall\u00e9e de l\u2019Ennuy\u00e9.<\/p>\n<p>| SEDERON : l\u2019\u00e9cole primaire.<\/p>\n<p>| SAINT AUBAN SUR L&rsquo;OUVEZE : l\u2019\u00e9cole primaire.<\/p>\n<p>| MONTBRUN LES BAINS : la Mairie, l\u2019association Art et D\u00e9veloppement Concept, Le syndicat d\u2019initiative.<\/p>\n<p>| CONVENTION C.T.E.A.C. :<\/p>\n<p>|\u00a0L\u2019ensemble de ces actions sont men\u00e9es dans le cadre du dispositif Convention Territoriale d\u2019Education Artistique et Culturelle, port\u00e9 par les communaut\u00e9s de commune du Pays de Buis et du Val d\u2019Eygues en partenariat avec le Parc Naturel R\u00e9gional du Mont ventoux et financ\u00e9 par l\u2019\u00c9tat (Direction R\u00e9gionale des Affaires Culturelles Auvergne-Rh\u00f4ne-Alpes &amp; Direction D\u00e9partementale de la Coh\u00e9sion Sociale de la Dr\u00f4me), la R\u00e9gion Auvergne-Rh\u00f4ne-Alpes, le D\u00e9partement de la Dr\u00f4me, la CAF de la Dr\u00f4me.[\/vc_column_text][vc_empty_space height=\u00a0\u00bb70px\u00a0\u00bb][\/vc_column_inner][\/vc_row_inner][\/vc_column][\/vc_row][vc_row css_animation=\u00a0\u00bb\u00a0\u00bb row_type=\u00a0\u00bbrow\u00a0\u00bb use_row_as_full_screen_section=\u00a0\u00bbno\u00a0\u00bb type=\u00a0\u00bbfull_width\u00a0\u00bb angled_section=\u00a0\u00bbno\u00a0\u00bb text_align=\u00a0\u00bbleft\u00a0\u00bb background_image_as_pattern=\u00a0\u00bbwithout_pattern\u00a0\u00bb background_color=\u00a0\u00bbrgba(244,244,244,0.84)\u00a0\u00bb css=\u00a0\u00bb.vc_custom_1550168530539{margin-top: 36px !important;margin-bottom: 36px !important;}\u00a0\u00bb][vc_column][vc_empty_space height=\u00a0\u00bb60px\u00a0\u00bb][vc_row_inner row_type=\u00a0\u00bbrow\u00a0\u00bb type=\u00a0\u00bbfull_width\u00a0\u00bb text_align=\u00a0\u00bbleft\u00a0\u00bb css_animation=\u00a0\u00bb\u00a0\u00bb][vc_column_inner][qode_accordion][\/qode_accordion][vc_column_text]<\/p>\n<h3 style=\"text-align: center;\">CALENDRIER<\/h3>\n<p>[\/vc_column_text][qode_workflow animate=\u00a0\u00bbyes\u00a0\u00bb][qode_workflow_item image_float=\u00a0\u00bbyes\u00a0\u00bb image_alignment=\u00a0\u00bbright\u00a0\u00bb title=\u00a0\u00bbMai 2019&Prime; text=\u00a0\u00bb\u00b0\u00b0\u00b0 4 &amp; 5 mai : \u00ab Alice aux pays des Baronnies \u00bb Parcours artistique Participatif et Pluridisciplinaire ( Lieu \u00e0 d\u00e9finir \/ Buis les Baronnies ou Montbrun les Bains \u00b0\u00b0\u00b0 1er mai : \u00ab Alice aux pays des Baronnies \u00bb Randonn\u00e9e musicale et chor\u00e9graphique \u00e0 Venterol en partenariat avec la Cigale.\u00a0\u00bb image=\u00a0\u00bb1275&Prime;][qode_workflow_item image_alignment=\u00a0\u00bbright\u00a0\u00bb title=\u00a0\u00bbAvril 2019&Prime; text=\u00a0\u00bb\u00b0\u00b0\u00b0 27 avril : Impromptus \/ festival Pilles sous les \u00e9toiles \u00e0 Pilles \u00b0\u00b0\u00b0 24 avril : Centre de loisirs\/ \u00ab\u00a0une journ\u00e9e au cirque\u00ab\u00a0 ; visite guid\u00e9e de \u00ab\u00a0Pilles sous les \u00e9toiles\u00ab\u00a0 Les Pilles \u00b0\u00b0\u00b0 25 avril : Cr\u00e9ation collective. (Cabaret du festival) \u00ab\u00a0Pilles sous les Etoiles\u00ab\u00a0. Les Pilles \u00b0\u00b0\u00b0 20 avril : Parquet Nomade Project Circus \u00bb transmission + sc\u00e8ne ouverte Pilles sous les \u00e9toiles. les Pilles \u00b0\u00b0\u00b0 18 avril : Atelier Transmission Cr\u00e9ation Parcours AliceS \/ H\u00f4pital de Buis les Baronnies \u00b0\u00b0\u00b0 18 avril : \u00ab clowns Hospitaliers \u00bb \u00e0 l\u2019h\u00f4pital de Buis \u00b0\u00b0\u00b0 1er avril : \u00e0 Montbrun Les Bains \u00ab Alice aux pays des Baronnies \u00bb, Parcours immersif et spectaculaire pour les enfants.\u00a0\u00bb image=\u00a0\u00bb1213&Prime;][qode_workflow_item image_alignment=\u00a0\u00bbleft\u00a0\u00bb title=\u00a0\u00bbMars 2019&Prime; text=\u00a0\u00bb\u00b0\u00b0\u00b0 18\/03 Atelier Transmission Cr\u00e9ation #3 foyers CAT et accueil d&rsquo;urgence \u00e0 Buis les Baronnies<br \/>\n\u00b0\u00b0\u00b0 11 au 19 mars : Transmission, Projet inter\u2013\u00e9coles (3 classes S\u00e9deron-Montbrun les Bains-Saint Auban sur Ouv\u00e8ze).<br \/>\n\u00b0\u00b0\u00b021\/03 Atelier Transmission Cr\u00e9ation #3 foyers CAT et accueil d&rsquo;urgence \u00e0 Buis les Baronnies\u00a0\u00bb image=\u00a0\u00bb858&Prime;][qode_workflow_item image_float=\u00a0\u00bbyes\u00a0\u00bb image_alignment=\u00a0\u00bbright\u00a0\u00bb title=\u00a0\u00bbF\u00e9vrier 2019&Prime; text=\u00a0\u00bb-3\/02 Transmission Cr\u00e9ation + Go\u00fbter spectacle\/ Arpavon Salle des f\u00eates- Association culturelle de la vall\u00e9e de l\u2019Ennuy\u00e9 \u00b0\u00b0\u00b0 1\/02 : AtelierTransmission cr\u00e9ation#3 \/ Foyers CAT et accueil d&rsquo;urgence \u00e0 Buis les Baronnies.\u00a0\u00bb image=\u00a0\u00bb1126&Prime;][qode_workflow_item image_alignment=\u00a0\u00bbleft\u00a0\u00bb title=\u00a0\u00bbJanvier 2019&Prime; text=\u00a0\u00bb \u00b0\u00b0\u00b0 27 janvier : L\u2019unique Bal Pokaidi extraits + impromptus Buis les Baronnies, F\u00eate de la fraternit\u00e9. \u00b0\u00b0\u00b0 23 janvier : Atelier Transmission Cr\u00e9ation #1 foyers CAT et accueil d&rsquo;urgence \u00e0 Buis les Baronnies \u00b0\u00b0\u00b0 18 janvier : Happenings carte Blanche. M\u00e9diath\u00e8que de Nyons \u00b0\u00b0\u00b0 19 janvier : L\u2019unique Bal Pokaidi M\u00e9diath\u00e8que de Nyons.\u00a0\u00bb image=\u00a0\u00bb1276&Prime;][qode_workflow_item image_float=\u00a0\u00bbyes\u00a0\u00bb image_alignment=\u00a0\u00bbright\u00a0\u00bb title=\u00a0\u00bbOctobre 2018&Prime; text=\u00a0\u00bb\u00b0\u00b0\u00b0 21 octobre Montbrun les Bains \/ la f\u00eate de la soupe \u00b0\u00b0\u00b0 Lancement de la r\u00e9sidence avec \u00ab Parquet NOmade Project \u00bb \u00b0\u00b0\u00b0 20 octobre : Buis Les Baronnies \/ association des paysanneries d\u2019Automne \u00b0\u00b0\u00b0 19 octobre : Nyons \/ semaine de la Citoyennet\u00e9.\u00a0\u00bb image=\u00a0\u00bb1170&Prime;][\/qode_workflow][\/vc_column_inner][\/vc_row_inner][\/vc_column][\/vc_row][vc_row css_animation=\u00a0\u00bb\u00a0\u00bb row_type=\u00a0\u00bbrow\u00a0\u00bb use_row_as_full_screen_section=\u00a0\u00bbno\u00a0\u00bb type=\u00a0\u00bbfull_width\u00a0\u00bb angled_section=\u00a0\u00bbno\u00a0\u00bb text_align=\u00a0\u00bbleft\u00a0\u00bb background_image_as_pattern=\u00a0\u00bbwithout_pattern\u00a0\u00bb background_color=\u00a0\u00bbrgba(244,244,244,0.84)\u00a0\u00bb css=\u00a0\u00bb.vc_custom_1550168530539{margin-top: 36px !important;margin-bottom: 36px !important;}\u00a0\u00bb][vc_column][vc_empty_space height=\u00a0\u00bb60px\u00a0\u00bb][vc_row_inner row_type=\u00a0\u00bbrow\u00a0\u00bb type=\u00a0\u00bbfull_width\u00a0\u00bb text_align=\u00a0\u00bbleft\u00a0\u00bb css_animation=\u00a0\u00bb\u00a0\u00bb][vc_column_inner width=\u00a0\u00bb1\/6&Prime;][vc_single_image image=\u00a0\u00bb1146&Prime; img_size=\u00a0\u00bbmedium\u00a0\u00bb qode_css_animation=\u00a0\u00bb\u00a0\u00bb][\/vc_column_inner][vc_column_inner width=\u00a0\u00bb1\/6&Prime;][vc_single_image image=\u00a0\u00bb1144&Prime; img_size=\u00a0\u00bbmedium\u00a0\u00bb qode_css_animation=\u00a0\u00bb\u00a0\u00bb][\/vc_column_inner][vc_column_inner width=\u00a0\u00bb1\/6&Prime;][vc_single_image image=\u00a0\u00bb1142&Prime; img_size=\u00a0\u00bbmedium\u00a0\u00bb qode_css_animation=\u00a0\u00bb\u00a0\u00bb][\/vc_column_inner][vc_column_inner width=\u00a0\u00bb1\/6&Prime;][vc_single_image image=\u00a0\u00bb1152&Prime; img_size=\u00a0\u00bbmedium\u00a0\u00bb qode_css_animation=\u00a0\u00bb\u00a0\u00bb][\/vc_column_inner][vc_column_inner width=\u00a0\u00bb1\/6&Prime;][vc_single_image image=\u00a0\u00bb1138&Prime; img_size=\u00a0\u00bbmedium\u00a0\u00bb qode_css_animation=\u00a0\u00bb\u00a0\u00bb][\/vc_column_inner][vc_column_inner width=\u00a0\u00bb1\/6&Prime;][vc_single_image image=\u00a0\u00bb1147&Prime; img_size=\u00a0\u00bbmedium\u00a0\u00bb qode_css_animation=\u00a0\u00bb\u00a0\u00bb][\/vc_column_inner][\/vc_row_inner][vc_row_inner row_type=\u00a0\u00bbrow\u00a0\u00bb type=\u00a0\u00bbfull_width\u00a0\u00bb text_align=\u00a0\u00bbleft\u00a0\u00bb css_animation=\u00a0\u00bb\u00a0\u00bb][vc_column_inner width=\u00a0\u00bb1\/6&Prime;][vc_single_image image=\u00a0\u00bb1143&Prime; img_size=\u00a0\u00bbmedium\u00a0\u00bb qode_css_animation=\u00a0\u00bb\u00a0\u00bb][\/vc_column_inner][vc_column_inner width=\u00a0\u00bb1\/6&Prime;][vc_single_image image=\u00a0\u00bb1141&Prime; img_size=\u00a0\u00bbmedium\u00a0\u00bb qode_css_animation=\u00a0\u00bb\u00a0\u00bb][\/vc_column_inner][vc_column_inner width=\u00a0\u00bb1\/6&Prime;][vc_single_image image=\u00a0\u00bb1225&Prime; img_size=\u00a0\u00bbmedium\u00a0\u00bb qode_css_animation=\u00a0\u00bb\u00a0\u00bb][\/vc_column_inner][vc_column_inner width=\u00a0\u00bb1\/6&Prime;][vc_single_image image=\u00a0\u00bb1139&Prime; img_size=\u00a0\u00bbmedium\u00a0\u00bb qode_css_animation=\u00a0\u00bb\u00a0\u00bb][\/vc_column_inner][vc_column_inner width=\u00a0\u00bb1\/6&Prime;][vc_empty_space][\/vc_column_inner][vc_column_inner width=\u00a0\u00bb1\/6&Prime;][vc_empty_space][\/vc_column_inner][\/vc_row_inner][\/vc_column][\/vc_row][vc_row css_animation=\u00a0\u00bb\u00a0\u00bb row_type=\u00a0\u00bbrow\u00a0\u00bb use_row_as_full_screen_section=\u00a0\u00bbno\u00a0\u00bb type=\u00a0\u00bbfull_width\u00a0\u00bb angled_section=\u00a0\u00bbno\u00a0\u00bb text_align=\u00a0\u00bbleft\u00a0\u00bb background_image_as_pattern=\u00a0\u00bbwithout_pattern\u00a0\u00bb][vc_column]<div class=\"qode-cards-holder\">\n    <div class=\"qode-cards-header cards\">\n\n    <\/div>\n    <div class=\"qode-card-panes\">\n            <\/div>\n<\/div>[\/vc_column][\/vc_row]<\/p>\n","protected":false},"excerpt":{"rendered":"<p>[vc_row css_animation=\u00a0\u00bb\u00a0\u00bb row_type=\u00a0\u00bbrow\u00a0\u00bb use_row_as_full_screen_section=\u00a0\u00bbno\u00a0\u00bb type=\u00a0\u00bbfull_width\u00a0\u00bb angled_section=\u00a0\u00bbno\u00a0\u00bb text_align=\u00a0\u00bbleft\u00a0\u00bb background_image_as_pattern=\u00a0\u00bbwithout_pattern\u00a0\u00bb background_color=\u00a0\u00bbrgba(244,244,244,0.84)\u00a0\u00bb][vc_column][vc_empty_space height=\u00a0\u00bb26px\u00a0\u00bb][vc_single_image image=\u00a0\u00bb1085&Prime; img_size=\u00a0\u00bbfull\u00a0\u00bb alignment=\u00a0\u00bbcenter\u00a0\u00bb qode_css_animation=\u00a0\u00bb\u00a0\u00bb qode_hover_animation=\u00a0\u00bbzoom_in\u00a0\u00bb][vc_row_inner row_type=\u00a0\u00bbrow\u00a0\u00bb type=\u00a0\u00bbfull_width\u00a0\u00bb text_align=\u00a0\u00bbleft\u00a0\u00bb css_animation=\u00a0\u00bb\u00a0\u00bb][vc_column_inner width=\u00a0\u00bb1\/2&Prime;][vc_empty_space][vc_video&#8230;<\/p>\n","protected":false},"author":2,"featured_media":0,"parent":0,"menu_order":0,"comment_status":"closed","ping_status":"closed","template":"","meta":{"footnotes":""},"class_list":["post-1084","page","type-page","status-publish","hentry"],"_links":{"self":[{"href":"https:\/\/parquetnomade.com\/index.php\/wp-json\/wp\/v2\/pages\/1084","targetHints":{"allow":["GET"]}}],"collection":[{"href":"https:\/\/parquetnomade.com\/index.php\/wp-json\/wp\/v2\/pages"}],"about":[{"href":"https:\/\/parquetnomade.com\/index.php\/wp-json\/wp\/v2\/types\/page"}],"author":[{"embeddable":true,"href":"https:\/\/parquetnomade.com\/index.php\/wp-json\/wp\/v2\/users\/2"}],"replies":[{"embeddable":true,"href":"https:\/\/parquetnomade.com\/index.php\/wp-json\/wp\/v2\/comments?post=1084"}],"version-history":[{"count":54,"href":"https:\/\/parquetnomade.com\/index.php\/wp-json\/wp\/v2\/pages\/1084\/revisions"}],"predecessor-version":[{"id":1754,"href":"https:\/\/parquetnomade.com\/index.php\/wp-json\/wp\/v2\/pages\/1084\/revisions\/1754"}],"wp:attachment":[{"href":"https:\/\/parquetnomade.com\/index.php\/wp-json\/wp\/v2\/media?parent=1084"}],"curies":[{"name":"wp","href":"https:\/\/api.w.org\/{rel}","templated":true}]}}