{"id":770,"date":"2017-02-09T13:44:00","date_gmt":"2017-02-09T12:44:00","guid":{"rendered":"http:\/\/parquetnomade.com\/?page_id=770"},"modified":"2019-03-05T15:30:07","modified_gmt":"2019-03-05T14:30:07","slug":"le-parquet-nomade","status":"publish","type":"page","link":"http:\/\/parquetnomade.com\/index.php\/le-parquet-nomade\/","title":{"rendered":"Parquet Nomade Project"},"content":{"rendered":"<p>[vc_row css_animation=\u00a0\u00bb\u00a0\u00bb row_type=\u00a0\u00bbrow\u00a0\u00bb use_row_as_full_screen_section=\u00a0\u00bbno\u00a0\u00bb type=\u00a0\u00bbfull_width\u00a0\u00bb angled_section=\u00a0\u00bbno\u00a0\u00bb text_align=\u00a0\u00bbleft\u00a0\u00bb background_image_as_pattern=\u00a0\u00bbwithout_pattern\u00a0\u00bb background_color=\u00a0\u00bbrgba(244,244,244,0.84)\u00a0\u00bb][vc_column][vc_empty_space height=\u00a0\u00bb26px\u00a0\u00bb][vc_single_image image=\u00a0\u00bb792&Prime; img_size=\u00a0\u00bbfull\u00a0\u00bb alignment=\u00a0\u00bbcenter\u00a0\u00bb qode_css_animation=\u00a0\u00bb\u00a0\u00bb qode_hover_animation=\u00a0\u00bbzoom_in\u00a0\u00bb][vc_row_inner row_type=\u00a0\u00bbrow\u00a0\u00bb type=\u00a0\u00bbfull_width\u00a0\u00bb text_align=\u00a0\u00bbleft\u00a0\u00bb css_animation=\u00a0\u00bb\u00a0\u00bb][vc_column_inner width=\u00a0\u00bb1\/2&Prime;][vc_empty_space][vc_video link=\u00a0\u00bbhttps:\/\/vimeo.com\/81211842&Prime;][vc_empty_space][vc_single_image image=\u00a0\u00bb32&Prime; img_size=\u00a0\u00bbfull\u00a0\u00bb qode_css_animation=\u00a0\u00bb\u00a0\u00bb][vc_empty_space][vc_video link=\u00a0\u00bbhttps:\/\/vimeo.com\/184342421&Prime;][\/vc_column_inner][vc_column_inner width=\u00a0\u00bb1\/2&Prime;][vc_empty_space height=\u00a0\u00bb100px\u00a0\u00bb][vc_column_text]<span class='q_dropcap normal' style=' color: #d22b0a;font-size: 80px;'>P<\/span>arquet Nomade Project allie performance, installation sc\u00e9nographique (Land Art), danse in situ et musique live.<br \/>\nLes artistes invitent les spectateurs \u00e0 une exp\u00e9rience de transfiguration de l&rsquo;espace public par la fabrication d&rsquo;une surface de carton qui devient aire de danse, sc\u00e8ne de repr\u00e9sentation et d\u2019improvisation.<br \/>\nLes habitants d\u00e9couvrent alors leur environnement sous de nouvelles perspectives et se r\u00e9approprient une libert\u00e9 de mouvement\u2026<br \/>\nLe spectacle se d\u00e9roule en 3 temps, un temps de construction live et partition chor\u00e9graphique suivie d&rsquo;un bal interactif guid\u00e9 incluant le public. La partition est flexible selon l&rsquo;\u00e9quipe artistique sollicit\u00e9e.<br \/>\nPlus qu\u2019un simple lieu de repr\u00e9sentation, ce Parquet Nomade d\u00e9limite un espace d\u2019\u00e9changes entre artistes professionnels et acteurs de la vie quotidienne (passants, fl\u00e2neurs, po\u00e8tes urbains, danseurs ou musiciens en panne d\u2019espace libre).<br \/>\nUn espace hors des cadres sociaux culturels habituels qui questionne la possibilit\u00e9 de libre expression des corps dans la soci\u00e9t\u00e9 actuelle au sein de la cit\u00e9 ainsi que la gratuit\u00e9 de l\u2019acte artistique et le lien social.[\/vc_column_text][vc_empty_space height=\u00a0\u00bb70px\u00a0\u00bb][vc_column_text]<span class='highlight' style='color: ; background-color:#d22b0a;'><em><strong>\u00ab\u00a0Un sous-bois urbain qui se d\u00e9ploie \u00e0 travers la ville, les rues et les d\u00e9cors comme une goutte d\u2019huile qui absorbe et transforme l\u2019espace au fur et \u00e0 mesure que le temps avance. Et puis les gens qui se r\u00e9unissent sur ce parquet urbain les pieds d\u00e9chauss\u00e9s comme ils se r\u00e9unissent dans l\u2019intimit\u00e9 de leurs maisons.\u00a0\u00bb A. Franceschelli<\/strong><\/em><\/span>[\/vc_column_text][vc_empty_space height=\u00a0\u00bb64px\u00a0\u00bb][vc_single_image image=\u00a0\u00bb778&Prime; img_size=\u00a0\u00bbfull\u00a0\u00bb qode_css_animation=\u00a0\u00bb\u00a0\u00bb][\/vc_column_inner][\/vc_row_inner][\/vc_column][\/vc_row][vc_row css_animation=\u00a0\u00bb\u00a0\u00bb row_type=\u00a0\u00bbrow\u00a0\u00bb use_row_as_full_screen_section=\u00a0\u00bbno\u00a0\u00bb type=\u00a0\u00bbfull_width\u00a0\u00bb angled_section=\u00a0\u00bbno\u00a0\u00bb text_align=\u00a0\u00bbleft\u00a0\u00bb background_image_as_pattern=\u00a0\u00bbwithout_pattern\u00a0\u00bb background_color=\u00a0\u00bbrgba(244,244,244,0.84)\u00a0\u00bb][vc_column width=\u00a0\u00bb1\/2&Prime;][vc_empty_space][vc_video link=\u00a0\u00bbhttps:\/\/vimeo.com\/110280402&Prime;][vc_empty_space][vc_single_image image=\u00a0\u00bb1161&Prime; img_size=\u00a0\u00bbfull\u00a0\u00bb qode_css_animation=\u00a0\u00bb\u00a0\u00bb][vc_empty_space][vc_single_image image=\u00a0\u00bb1168&Prime; img_size=\u00a0\u00bbfull\u00a0\u00bb qode_css_animation=\u00a0\u00bb\u00a0\u00bb][vc_empty_space][vc_single_image image=\u00a0\u00bb1166&Prime; img_size=\u00a0\u00bbfull\u00a0\u00bb qode_css_animation=\u00a0\u00bb\u00a0\u00bb][vc_empty_space][\/vc_column][vc_column width=\u00a0\u00bb1\/2&Prime;][vc_empty_space][vc_accordion active_tab=\u00a0\u00bbfalse\u00a0\u00bb collapsible=\u00a0\u00bbyes\u00a0\u00bb style=\u00a0\u00bbaccordion\u00a0\u00bb][vc_accordion_tab title=\u00a0\u00bbEnglish\u00a0\u00bb][vc_column_text]<\/p>\n<h2>LE PARQUET NOMADE (Wandering Floors)<\/h2>\n<p>combines performance, set design installation (Land Art), site-specific dance and live music.<br \/>\nThe artists invite the audience to experience the transfiguration of a public space as they build in real time a cardboard surface. This surface becomes a dance floor, a stage for performance and improvisation.\u00a0 People inhabiting this project learn about their environment from a new perspectives and are reclaiming personal.<br \/>\nThe show is in three parts, one building phase in live, a chor\u00e9graphique performance et an ball open stage. the chor\u00e9graphique score is flexible.<\/p>\n<p><strong>Out of the box &amp; Open stage<\/strong><br \/>\nNot a mere performance, our project includes the audience and opens unusual windows into our cultural and social habits.<br \/>\nWe also witnessed how much it enhances people\u2019s willingness to explore a joyful and freer body expression.<br \/>\nThe urban context is the set for the contemporary society at large where the artistic act becomes the social bond.<\/p>\n<p>This project has an in-built potential to travel to any country or continent meeting local artists that may join in, and various types of audience of any age and from any background.[\/vc_column_text][\/vc_accordion_tab][\/vc_accordion][vc_empty_space][vc_single_image image=\u00a0\u00bb1160&Prime; img_size=\u00a0\u00bbfull\u00a0\u00bb qode_css_animation=\u00a0\u00bb\u00a0\u00bb][vc_empty_space][vc_single_image image=\u00a0\u00bb1164&Prime; img_size=\u00a0\u00bbfull\u00a0\u00bb qode_css_animation=\u00a0\u00bb\u00a0\u00bb][vc_empty_space][vc_single_image image=\u00a0\u00bb1162&Prime; img_size=\u00a0\u00bbfull\u00a0\u00bb qode_css_animation=\u00a0\u00bb\u00a0\u00bb][vc_empty_space][\/vc_column][\/vc_row][vc_row css_animation=\u00a0\u00bb\u00a0\u00bb row_type=\u00a0\u00bbrow\u00a0\u00bb use_row_as_full_screen_section=\u00a0\u00bbno\u00a0\u00bb type=\u00a0\u00bbfull_width\u00a0\u00bb angled_section=\u00a0\u00bbno\u00a0\u00bb text_align=\u00a0\u00bbleft\u00a0\u00bb background_image_as_pattern=\u00a0\u00bbwithout_pattern\u00a0\u00bb][vc_column][vc_empty_space height=\u00a0\u00bb60px\u00a0\u00bb][\/vc_column][\/vc_row]<\/p>\n","protected":false},"excerpt":{"rendered":"<p>[vc_row css_animation=\u00a0\u00bb\u00a0\u00bb row_type=\u00a0\u00bbrow\u00a0\u00bb use_row_as_full_screen_section=\u00a0\u00bbno\u00a0\u00bb type=\u00a0\u00bbfull_width\u00a0\u00bb angled_section=\u00a0\u00bbno\u00a0\u00bb text_align=\u00a0\u00bbleft\u00a0\u00bb background_image_as_pattern=\u00a0\u00bbwithout_pattern\u00a0\u00bb background_color=\u00a0\u00bbrgba(244,244,244,0.84)\u00a0\u00bb][vc_column][vc_empty_space height=\u00a0\u00bb26px\u00a0\u00bb][vc_single_image image=\u00a0\u00bb792&Prime; img_size=\u00a0\u00bbfull\u00a0\u00bb alignment=\u00a0\u00bbcenter\u00a0\u00bb qode_css_animation=\u00a0\u00bb\u00a0\u00bb qode_hover_animation=\u00a0\u00bbzoom_in\u00a0\u00bb][vc_row_inner row_type=\u00a0\u00bbrow\u00a0\u00bb type=\u00a0\u00bbfull_width\u00a0\u00bb text_align=\u00a0\u00bbleft\u00a0\u00bb css_animation=\u00a0\u00bb\u00a0\u00bb][vc_column_inner width=\u00a0\u00bb1\/2&Prime;][vc_empty_space][vc_video&#8230;<\/p>\n","protected":false},"author":2,"featured_media":0,"parent":0,"menu_order":0,"comment_status":"closed","ping_status":"closed","template":"","meta":{"footnotes":""},"class_list":["post-770","page","type-page","status-publish","hentry"],"_links":{"self":[{"href":"http:\/\/parquetnomade.com\/index.php\/wp-json\/wp\/v2\/pages\/770","targetHints":{"allow":["GET"]}}],"collection":[{"href":"http:\/\/parquetnomade.com\/index.php\/wp-json\/wp\/v2\/pages"}],"about":[{"href":"http:\/\/parquetnomade.com\/index.php\/wp-json\/wp\/v2\/types\/page"}],"author":[{"embeddable":true,"href":"http:\/\/parquetnomade.com\/index.php\/wp-json\/wp\/v2\/users\/2"}],"replies":[{"embeddable":true,"href":"http:\/\/parquetnomade.com\/index.php\/wp-json\/wp\/v2\/comments?post=770"}],"version-history":[{"count":26,"href":"http:\/\/parquetnomade.com\/index.php\/wp-json\/wp\/v2\/pages\/770\/revisions"}],"predecessor-version":[{"id":1186,"href":"http:\/\/parquetnomade.com\/index.php\/wp-json\/wp\/v2\/pages\/770\/revisions\/1186"}],"wp:attachment":[{"href":"http:\/\/parquetnomade.com\/index.php\/wp-json\/wp\/v2\/media?parent=770"}],"curies":[{"name":"wp","href":"https:\/\/api.w.org\/{rel}","templated":true}]}}